{"id":97,"date":"2022-09-20T23:10:24","date_gmt":"2022-09-20T23:10:24","guid":{"rendered":"https:\/\/www.body-club.cz\/?page_id=97"},"modified":"2024-11-29T07:47:12","modified_gmt":"2024-11-29T07:47:12","slug":"frydek-mistek","status":"publish","type":"page","link":"https:\/\/www.body-club.cz\/?page_id=97","title":{"rendered":"BODY CLUB &#8211; Fr\u00fddek-M\u00edstek"},"content":{"rendered":"\n    \n    <section class=\"u-align-center u-clearfix u-section-2\" id=\"sec-e4a3\">\n      <div class=\"u-clearfix u-sheet u-valign-middle u-sheet-1\">\n        <img decoding=\"async\" class=\"u-expanded-width u-image u-image-default u-image-1\" src=\"https:\/\/www.body-club.cz\/wp-content\/uploads\/2024\/11\/Bez-nzvu-1-4-5-10-3.png\" alt=\"\" data-image-width=\"1440\" data-image-height=\"130\">\n        <h1 class=\"u-custom-font u-text u-text-default u-text-font u-text-1\" data-lang-cz=\"<span class=&quot;u-text-custom-color-1&quot;>NA\u0160E STUDIA V \u010cESK\u00c9 REPUBLICE<\/span><span class=&quot;u-text-custom-color-1&quot;>\u200b<\/span>\">\n          <span class=\"u-text-custom-color-1\">NA\u0160E STUDIA V \u010cESK\u00c9 REPUBLICE<\/span>\n          <span class=\"u-text-custom-color-1\"><\/span>\n        <\/h1>\n        <div class=\"u-expanded-width u-hidden-md u-hidden-sm u-hidden-xs u-layout-grid u-list u-list-1\">\n          <div class=\"u-repeater u-repeater-1\">\n            <div class=\"u-container-style u-list-item u-repeater-item u-shape-rectangle\">\n              <div class=\"u-container-layout u-similar-container u-valign-middle u-container-layout-1\">\n                <a href=\"https:\/\/www.body-club.cz\/?page_id=98\" class=\"u-align-center u-border-1 u-border-active-palette-2-base u-border-hover-palette-1-base u-border-no-left u-border-no-right u-border-no-top u-btn u-button-style u-none u-text-palette-1-base u-btn-1\">PRAHA<\/a>\n              <\/div>\n            <\/div>\n            <div class=\"u-container-style u-list-item u-repeater-item u-shape-rectangle\">\n              <div class=\"u-container-layout u-similar-container u-valign-middle u-container-layout-2\">\n                <a href=\"https:\/\/www.body-club.cz\/?page_id=89\" class=\"u-align-center u-border-1 u-border-active-palette-2-base u-border-hover-palette-1-base u-border-no-left u-border-no-right u-border-no-top u-btn u-button-style u-none u-text-palette-1-base u-btn-2\">BRNO<\/a>\n              <\/div>\n            <\/div>\n            <div class=\"u-container-style u-list-item u-repeater-item u-shape-rectangle\">\n              <div class=\"u-container-layout u-similar-container u-valign-middle u-container-layout-3\">\n                <a href=\"https:\/\/www.body-club.cz\/?page_id=227\" class=\"u-align-center u-border-1 u-border-active-palette-2-base u-border-hover-palette-1-base u-border-no-left u-border-no-right u-border-no-top u-btn u-button-style u-none u-text-palette-1-base u-btn-3\">PLZE\u0147<\/a>\n              <\/div>\n            <\/div>\n            <div class=\"u-container-style u-list-item u-repeater-item u-shape-rectangle\">\n              <div class=\"u-container-layout u-similar-container u-valign-middle u-container-layout-4\">\n                <a href=\"https:\/\/www.body-club.cz\/?page_id=95\" class=\"u-align-center u-border-1 u-border-active-palette-2-base u-border-hover-palette-1-base u-border-no-left u-border-no-right u-border-no-top u-btn u-button-style u-none u-text-palette-1-base u-btn-4\">OSTRAVA<br>CENTRUM\n                <\/a>\n              <\/div>\n            <\/div>\n            <div class=\"u-container-style u-list-item u-repeater-item u-shape-rectangle\">\n              <div class=\"u-container-layout u-similar-container u-valign-middle u-container-layout-5\">\n                <a href=\"https:\/\/www.body-club.cz\/?page_id=228\" class=\"u-align-center u-border-1 u-border-active-palette-2-base u-border-hover-palette-1-base u-border-no-left u-border-no-right u-border-no-top u-btn u-button-style u-none u-text-palette-1-base u-btn-5\">LUDGE\u0158OVICE<\/a>\n              <\/div>\n            <\/div>\n            <div class=\"u-container-style u-list-item u-repeater-item u-shape-rectangle\">\n              <div class=\"u-container-layout u-similar-container u-valign-middle u-container-layout-6\">\n                <a href=\"https:\/\/www.body-club.cz\/?page_id=90\" class=\"u-align-center u-border-1 u-border-active-palette-2-base u-border-hover-palette-1-base u-border-no-left u-border-no-right u-border-no-top u-btn u-button-style u-none u-text-palette-1-base u-btn-6\">OLOMOUC<\/a>\n              <\/div>\n            <\/div>\n            <div class=\"u-container-style u-list-item u-repeater-item u-shape-rectangle\">\n              <div class=\"u-container-layout u-similar-container u-valign-middle u-container-layout-7\">\n                <a href=\"https:\/\/www.body-club.cz\/?page_id=97\" class=\"u-align-center u-border-1 u-border-active-palette-2-base u-border-hover-palette-1-base u-border-no-left u-border-no-right u-border-no-top u-btn u-button-style u-none u-text-palette-1-base u-btn-7\">FR\u00ddDEK-<br>M\u00cdSTEK\n                <\/a>\n              <\/div>\n            <\/div>\n            <div class=\"u-container-style u-list-item u-repeater-item u-shape-rectangle\">\n              <div class=\"u-container-layout u-similar-container u-valign-middle u-container-layout-8\">\n                <a href=\"https:\/\/www.body-club.cz\/?page_id=99\" class=\"u-align-center u-border-1 u-border-active-palette-2-base u-border-hover-palette-1-base u-border-no-left u-border-no-right u-border-no-top u-btn u-button-style u-none u-text-palette-1-base u-btn-8\">HAV\u00cd\u0158OV<\/a>\n              <\/div>\n            <\/div>\n            <div class=\"u-container-style u-list-item u-repeater-item u-shape-rectangle\">\n              <div class=\"u-container-layout u-similar-container u-valign-middle u-container-layout-9\">\n                <a href=\"https:\/\/www.body-club.cz\/?page_id=229\" class=\"u-align-center u-border-1 u-border-active-palette-2-base u-border-hover-palette-1-base u-border-no-left u-border-no-right u-border-no-top u-btn u-button-style u-none u-text-palette-1-base u-btn-9\">T\u0158INEC<\/a>\n              <\/div>\n            <\/div>\n          <\/div>\n        <\/div>\n        <div class=\"u-align-center-md u-align-center-sm u-align-center-xs u-expanded-width-lg u-expanded-width-xs u-hidden-lg u-hidden-xl u-layout-horizontal u-list u-list-2\">\n          <div class=\"u-repeater u-repeater-2\">\n            <div class=\"u-container-style u-list-item u-repeater-item u-shape-rectangle\">\n              <div class=\"u-container-layout u-similar-container u-valign-middle u-container-layout-10\">\n                <a href=\"https:\/\/www.body-club.cz\/?page_id=98\" class=\"u-align-center u-border-1 u-border-active-palette-2-base u-border-hover-palette-1-base u-border-no-left u-border-no-right u-border-no-top u-btn u-button-style u-none u-text-palette-1-base u-btn-10\">PRAHA<\/a>\n              <\/div>\n            <\/div>\n            <div class=\"u-container-style u-list-item u-repeater-item u-shape-rectangle\">\n              <div class=\"u-container-layout u-similar-container u-valign-middle u-container-layout-11\">\n                <a href=\"https:\/\/www.body-club.cz\/?page_id=89\" class=\"u-align-center u-border-1 u-border-active-palette-2-base u-border-hover-palette-1-base u-border-no-left u-border-no-right u-border-no-top u-btn u-button-style u-none u-text-palette-1-base u-btn-11\">BRNO<\/a>\n              <\/div>\n            <\/div>\n            <div class=\"u-container-style u-list-item u-repeater-item u-shape-rectangle\">\n              <div class=\"u-container-layout u-similar-container u-valign-middle u-container-layout-12\">\n                <a href=\"https:\/\/www.body-club.cz\/?page_id=227\" class=\"u-align-center u-border-1 u-border-active-palette-2-base u-border-hover-palette-1-base u-border-no-left u-border-no-right u-border-no-top u-btn u-button-style u-none u-text-palette-1-base u-btn-12\">PLZE\u0147<\/a>\n              <\/div>\n            <\/div>\n            <div class=\"u-container-style u-list-item u-repeater-item u-shape-rectangle\">\n              <div class=\"u-container-layout u-similar-container u-valign-middle u-container-layout-13\">\n                <a href=\"https:\/\/www.body-club.cz\/?page_id=95\" class=\"u-align-center u-border-1 u-border-active-palette-2-base u-border-hover-palette-1-base u-border-no-left u-border-no-right u-border-no-top u-btn u-button-style u-none u-text-palette-1-base u-btn-13\">OSTRAVA<br>CENTRUM\n                <\/a>\n              <\/div>\n            <\/div>\n            <div class=\"u-container-style u-list-item u-repeater-item u-shape-rectangle\">\n              <div class=\"u-container-layout u-similar-container u-valign-middle u-container-layout-14\">\n                <a href=\"https:\/\/www.body-club.cz\/?page_id=228\" class=\"u-align-center u-border-1 u-border-active-palette-2-base u-border-hover-palette-1-base u-border-no-left u-border-no-right u-border-no-top u-btn u-button-style u-none u-text-palette-1-base u-btn-14\">LUDGE\u0158OVICE<\/a>\n              <\/div>\n            <\/div>\n            <div class=\"u-container-style u-list-item u-repeater-item u-shape-rectangle\">\n              <div class=\"u-container-layout u-similar-container u-valign-middle u-container-layout-15\">\n                <a href=\"https:\/\/www.body-club.cz\/?page_id=90\" class=\"u-align-center u-border-1 u-border-active-palette-2-base u-border-hover-palette-1-base u-border-no-left u-border-no-right u-border-no-top u-btn u-button-style u-none u-text-palette-1-base u-btn-15\">OLOMOUC<\/a>\n              <\/div>\n            <\/div>\n            <div class=\"u-container-style u-list-item u-repeater-item u-shape-rectangle\">\n              <div class=\"u-container-layout u-similar-container u-valign-middle u-container-layout-16\">\n                <a href=\"https:\/\/www.body-club.cz\/?page_id=97\" class=\"u-align-center u-border-1 u-border-active-palette-2-base u-border-hover-palette-1-base u-border-no-left u-border-no-right u-border-no-top u-btn u-button-style u-none u-text-palette-1-base u-btn-16\">FR\u00ddDEK-<br>M\u00cdSTEK\n                <\/a>\n              <\/div>\n            <\/div>\n            <div class=\"u-container-style u-list-item u-repeater-item u-shape-rectangle\">\n              <div class=\"u-container-layout u-similar-container u-valign-middle u-container-layout-17\">\n                <a href=\"https:\/\/www.body-club.cz\/?page_id=99\" class=\"u-align-center u-border-1 u-border-active-palette-2-base u-border-hover-palette-1-base u-border-no-left u-border-no-right u-border-no-top u-btn u-button-style u-none u-text-palette-1-base u-btn-17\">HAV\u00cd\u0158OV<\/a>\n              <\/div>\n            <\/div>\n            <div class=\"u-container-style u-list-item u-repeater-item u-shape-rectangle\">\n              <div class=\"u-container-layout u-similar-container u-valign-middle u-container-layout-18\">\n                <a href=\"https:\/\/www.body-club.cz\/?page_id=229\" class=\"u-align-center u-border-1 u-border-active-palette-2-base u-border-hover-palette-1-base u-border-no-left u-border-no-right u-border-no-top u-btn u-button-style u-none u-text-palette-1-base u-btn-18\">T\u0158INEC<\/a>\n              <\/div>\n            <\/div>\n          <\/div>\n          <a class=\"u-absolute-vcenter u-gallery-nav u-gallery-nav-prev u-grey-70 u-icon-circle u-opacity u-opacity-70 u-spacing-10 u-text-white u-gallery-nav-1\" href=\"#\" role=\"button\">\n            <span aria-hidden=\"true\">\n              <svg viewBox=\"0 0 451.847 451.847\"><path d=\"M97.141,225.92c0-8.095,3.091-16.192,9.259-22.366L300.689,9.27c12.359-12.359,32.397-12.359,44.751,0\nc12.354,12.354,12.354,32.388,0,44.748L173.525,225.92l171.903,171.909c12.354,12.354,12.354,32.391,0,44.744\nc-12.354,12.365-32.386,12.365-44.745,0l-194.29-194.281C100.226,242.115,97.141,234.018,97.141,225.92z\"><\/path><\/svg>\n            <\/span>\n            <span class=\"sr-only\">\n              <svg viewBox=\"0 0 451.847 451.847\"><path d=\"M97.141,225.92c0-8.095,3.091-16.192,9.259-22.366L300.689,9.27c12.359-12.359,32.397-12.359,44.751,0\nc12.354,12.354,12.354,32.388,0,44.748L173.525,225.92l171.903,171.909c12.354,12.354,12.354,32.391,0,44.744\nc-12.354,12.365-32.386,12.365-44.745,0l-194.29-194.281C100.226,242.115,97.141,234.018,97.141,225.92z\"><\/path><\/svg>\n            <\/span>\n          <\/a>\n          <a class=\"u-absolute-vcenter u-gallery-nav u-gallery-nav-next u-grey-70 u-icon-circle u-opacity u-opacity-70 u-spacing-10 u-text-white u-gallery-nav-2\" href=\"#\" role=\"button\">\n            <span aria-hidden=\"true\">\n              <svg viewBox=\"0 0 451.846 451.847\"><path d=\"M345.441,248.292L151.154,442.573c-12.359,12.365-32.397,12.365-44.75,0c-12.354-12.354-12.354-32.391,0-44.744\nL278.318,225.92L106.409,54.017c-12.354-12.359-12.354-32.394,0-44.748c12.354-12.359,32.391-12.359,44.75,0l194.287,194.284\nc6.177,6.18,9.262,14.271,9.262,22.366C354.708,234.018,351.617,242.115,345.441,248.292z\"><\/path><\/svg>\n            <\/span>\n            <span class=\"sr-only\">\n              <svg viewBox=\"0 0 451.846 451.847\"><path d=\"M345.441,248.292L151.154,442.573c-12.359,12.365-32.397,12.365-44.75,0c-12.354-12.354-12.354-32.391,0-44.744\nL278.318,225.92L106.409,54.017c-12.354-12.359-12.354-32.394,0-44.748c12.354-12.359,32.391-12.359,44.75,0l194.287,194.284\nc6.177,6.18,9.262,14.271,9.262,22.366C354.708,234.018,351.617,242.115,345.441,248.292z\"><\/path><\/svg>\n            <\/span>\n          <\/a>\n        <\/div>\n      <\/div>\n    <\/section>\n    <section class=\"u-clearfix u-section-3\" id=\"sec-6038\">\n      <div class=\"u-clearfix u-sheet u-sheet-1\">\n        <img decoding=\"async\" class=\"u-hidden-lg u-hidden-sm u-hidden-xl u-hidden-xs u-image u-image-default u-preserve-proportions u-image-1\" src=\"http:\/\/www.body-club.cz\/wp-content\/uploads\/2022\/09\/objednatzkuebntrnink-1.png\" alt=\"\" data-image-width=\"249\" data-image-height=\"65\" data-href=\"https:\/\/www.formlets.com\/forms\/W64kpBCWgcmcg1d6\/\">\n        <h1 class=\"u-custom-font u-text u-text-custom-color-1 u-text-default-lg u-text-default-md u-text-default-sm u-text-default-xl u-text-font u-text-1\">BODY CLUB&nbsp;<br>FR\u00ddDEK-M\u00cdSTEK<br>\n          <span style=\"font-size: 1.125rem;\">\n            <span style=\"font-weight: 400;\">\n              <span style=\"font-style: italic;\">I\u010c: 099 61 836<\/span>\n              <br>\n              <br>Pion\u00fdr\u016f 839<br>Fr\u00fddek-M\u00edstek 738 01\n            <\/span>\n            <br>\n            <span style=\"font-weight: 400;\">+420 <span style=\"font-weight: 700;\">725 890 871<\/span>\n              <br>\n              <span style=\"font-weight: 700;\">frydekmistek@body-club.cz<\/span>\n            <\/span>\n          <\/span>\n          <br>\n          <br>\n          <br>\n          <span style=\"font-size: 1rem;\">OTEV\u00cdRAC\u00cd DOBA DLE OBJEDN\u00c1N\u00cd<br>\n            <span style=\"font-weight: 400;\">Vyhrazen\u00e9 parkovac\u00ed m\u00edsta pro na\u0161e klienty<\/span>\n          <\/span>\n          <br>\n        <\/h1>\n        <div class=\"u-expanded-width-xs u-grey-light-2 u-map u-map-1\">\n          <div class=\"embed-responsive\">\n            <iframe class=\"embed-responsive-item\" src=\"https:\/\/www.google.com\/maps\/embed?pb=!1m18!1m12!1m3!1d645.3463841552951!2d18.341715570516033!3d49.68471218838338!2m3!1f0!2f0!3f0!3m2!1i1024!2i768!4f13.1!3m3!1m2!1s0x4713f7309ce4db8f%3A0xb5fb22015e67ae67!2zUGlvbsO9csWvIDgzOSwgTcOtc3RlaywgNzM4IDAxIEZyw71kZWstTcOtc3Rlaw!5e0!3m2!1scs!2scz!4v1663531705269!5m2!1scs!2scz\" data-map=\"JTdCJTIycG9zaXRpb25UeXBlJTIyJTNBJTIybWFwLWVtYmVkJTIyJTJDJTIyYWRkcmVzcyUyMiUzQSUyMlQlQzQlOUIlQzUlQTElQzMlQURuc2slQzMlQTElMjA1MGIlMkMlMjA3MzYlMjAwMSUyMiUyQyUyMnpvb20lMjIlM0ExNyUyQyUyMnR5cGVJZCUyMiUzQSUyMnJvYWQlMjIlMkMlMjJsYW5nJTIyJTNBJTIyY3MlMjIlMkMlMjJhcGlLZXklMjIlM0FudWxsJTJDJTIybWFya2VycyUyMiUzQSU1QiU1RCUyQyUyMmVtYmVkJTIyJTNBJTIyaHR0cHMlM0ElMkYlMkZ3d3cuZ29vZ2xlLmNvbSUyRm1hcHMlMkZlbWJlZCUzRnBiJTNEITFtMTghMW0xMiExbTMhMWQ2NDUuMzQ2Mzg0MTU1Mjk1MSEyZDE4LjM0MTcxNTU3MDUxNjAzMyEzZDQ5LjY4NDcxMjE4ODM4MzM4ITJtMyExZjAhMmYwITNmMCEzbTIhMWkxMDI0ITJpNzY4ITRmMTMuMSEzbTMhMW0yITFzMHg0NzEzZjczMDljZTRkYjhmJTI1M0EweGI1ZmIyMjAxNWU2N2FlNjchMnpVR2x2YnNPOWNzV3ZJRGd6T1N3Z1RjT3RjM1JsYXl3Z056TTRJREF4SUVaeXc3MWtaV3N0VGNPdGMzUmxhdyE1ZTAhM20yITFzY3MhMnNjeiE0djE2NjM1MzE3MDUyNjkhNW0yITFzY3MhMnNjeiUyMiU3RA==\"><\/iframe>\n          <\/div>\n        <\/div>\n        <div class=\"u-clearfix u-custom-html u-custom-html-1\"><!-- inserted reservanto code -->\n          <div class=\"reservanto-widget\" data-text=\"REZERVACE BODY CLUB Fr\u00fddek-M\u00edstek\" data-id=\"19976\" data-color-text=\"#ffffff\" data-color-text-shadow=\"#078185\" data-color-bg=\"#0ac1cb\" data-color-bg-hover=\"#13cbd1\" data-color-boxshadow=\"#078185\" data-locationid=\"19766\" data-locationids=\"19766\"><\/div>\n          <script defer=\"defer\" id=\"reservanto-widget-script\" type=\"text\/javascript\" src=\"https:\/\/booking.reservanto.cz\/Script\/reservanto-script.js?id=19976\"><\/script><!-- end of inserted reservanto code -->\n        <\/div>\n        <p class=\"u-text u-text-default-lg u-text-default-md u-text-default-sm u-text-default-xl u-text-2\"><\/p>\n        <img decoding=\"async\" class=\"u-image u-image-contain u-image-default u-preserve-proportions u-image-2\" src=\"http:\/\/www.body-club.cz\/wp-content\/uploads\/2022\/09\/logoklubpevnhozdrav.png\" alt=\"\" data-image-width=\"145\" data-image-height=\"61\" data-href=\"https:\/\/www.klubpevnehozdravi.cz\/\" data-target=\"_blank\">\n        <p class=\"u-align-left u-text u-text-custom-color-1 u-text-default u-text-3\">Sleva 10% pro \u010dleny klubu pevn\u00e9ho zdrav\u00ed u VZP.<\/p>\n        <img decoding=\"async\" class=\"u-image u-image-default u-preserve-proportions u-image-3\" src=\"http:\/\/www.body-club.cz\/wp-content\/uploads\/2022\/09\/logoedenred.png\" alt=\"\" data-image-width=\"96\" data-image-height=\"60\">\n        <img decoding=\"async\" class=\"u-image u-image-default u-preserve-proportions u-image-4\" src=\"http:\/\/www.body-club.cz\/wp-content\/uploads\/2022\/09\/logovisamastercard.png\" alt=\"\" data-image-width=\"166\" data-image-height=\"50\">\n        <img decoding=\"async\" class=\"u-image u-image-default u-preserve-proportions u-image-5\" src=\"http:\/\/www.body-club.cz\/wp-content\/uploads\/2022\/09\/logobenefitplus.png\" alt=\"\" data-image-width=\"150\" data-image-height=\"150\">\n        <img decoding=\"async\" class=\"u-image u-image-default u-preserve-proportions u-image-6\" src=\"http:\/\/www.body-club.cz\/wp-content\/uploads\/2022\/09\/logosodexo.png\" alt=\"\" data-image-width=\"215\" data-image-height=\"69\">\n        <p class=\"u-text u-text-custom-color-1 u-text-default u-text-4\">P\u0159\u00edjm\u00e1me platebn\u00ed a benefitn\u00ed karty.<\/p>\n      <\/div>\n    <\/section>\n    <section class=\"u-clearfix u-section-4\" id=\"sec-26a4\">\n      <div class=\"u-clearfix u-sheet u-valign-middle-sm u-valign-middle-xs u-sheet-1\">\n        <img decoding=\"async\" class=\"u-expanded-width u-image u-image-default u-image-1\" src=\"http:\/\/www.body-club.cz\/wp-content\/uploads\/2022\/09\/bodyclub-pozadi.png\" alt=\"\" data-image-width=\"1440\" data-image-height=\"130\">\n        <div class=\"u-carousel u-gallery u-gallery-slider u-layout-carousel u-lightbox u-no-transition u-show-text-none u-gallery-1\" data-interval=\"5000\" data-u-ride=\"carousel\" id=\"carousel-dbd3\">\n          <ol class=\"u-absolute-hcenter u-carousel-indicators u-carousel-indicators-1\">\n            <li data-u-target=\"#carousel-dbd3\" data-u-slide-to=\"0\" class=\"u-active u-active-custom-color-1 u-custom-color-2 u-shape-circle\" style=\"width: 10px; height: 10px;\"><\/li>\n            <li data-u-target=\"#carousel-dbd3\" data-u-slide-to=\"1\" class=\"u-active-custom-color-1 u-custom-color-2 u-shape-circle\" style=\"width: 10px; height: 10px;\"><\/li>\n            <li data-u-target=\"#carousel-dbd3\" data-u-slide-to=\"2\" class=\"u-active-custom-color-1 u-custom-color-2 u-shape-circle\" style=\"width: 10px; height: 10px;\"><\/li>\n          <\/ol>\n          <div class=\"u-carousel-inner u-gallery-inner\" role=\"listbox\">\n            <div class=\"u-active u-carousel-item u-gallery-item u-carousel-item-1\">\n              <div class=\"u-back-slide\" data-image-width=\"5745\" data-image-height=\"3830\">\n                <img decoding=\"async\" class=\"u-back-image u-expanded u-image-contain u-back-image-1\" src=\"http:\/\/www.body-club.cz\/wp-content\/uploads\/2022\/09\/frdek.jpg\">\n              <\/div>\n              <div class=\"u-align-center-lg u-align-center-md u-align-center-sm u-align-center-xl u-align-left-xs u-over-slide u-shading u-valign-bottom u-over-slide-1\">\n                <h3 class=\"u-gallery-heading\" style=\"margin-left: 0px; margin-right: auto;\">N\u00e1zev vzorku<\/h3>\n                <p class=\"u-gallery-text\" style=\"margin-left: 0px; margin-right: auto;\">Uk\u00e1zka textu<\/p>\n              <\/div>\n            <\/div>\n            <div class=\"u-carousel-item u-gallery-item u-carousel-item-2\">\n              <div class=\"u-back-slide\" data-image-width=\"1920\" data-image-height=\"1280\">\n                <img decoding=\"async\" class=\"u-back-image u-expanded u-image-contain\" src=\"http:\/\/www.body-club.cz\/wp-content\/uploads\/2022\/09\/frydek2.jpg\">\n              <\/div>\n              <div class=\"u-align-center-lg u-align-center-md u-align-center-sm u-align-center-xl u-align-left-xs u-over-slide u-shading u-valign-bottom u-over-slide-2\">\n                <h3 class=\"u-gallery-heading\" style=\"margin-left: 0px; margin-right: auto;\">N\u00e1zev vzorku<\/h3>\n                <p class=\"u-gallery-text\" style=\"margin-left: 0px; margin-right: auto;\">Uk\u00e1zka textu<\/p>\n              <\/div>\n            <\/div>\n            <div class=\"u-carousel-item u-gallery-item u-carousel-item-3\" data-image-width=\"1920\" data-image-height=\"1280\">\n              <div class=\"u-back-slide\">\n                <img decoding=\"async\" class=\"u-back-image u-expanded u-image-contain u-back-image-3\" src=\"http:\/\/www.body-club.cz\/wp-content\/uploads\/2022\/09\/frydek31.jpg\">\n              <\/div>\n              <div class=\"u-align-center-lg u-align-center-md u-align-center-sm u-align-center-xl u-align-left-xs u-over-slide u-shading u-valign-bottom u-over-slide-3\">\n                <h3 class=\"u-gallery-heading\" style=\"margin-left: 0px; margin-right: auto;\"><\/h3>\n                <p class=\"u-gallery-text\" style=\"margin-left: 0px; margin-right: auto;\"><\/p>\n              <\/div>\n              <style data-mode=\"XL\"><\/style>\n              <style data-mode=\"LG\"><\/style>\n              <style data-mode=\"MD\" data-visited=\"true\"><\/style>\n              <style data-mode=\"SM\" data-visited=\"true\"><\/style>\n              <style data-mode=\"XS\" data-visited=\"true\"><\/style>\n            <\/div>\n          <\/div>\n          <a class=\"u-absolute-vcenter u-carousel-control u-carousel-control-prev u-opacity u-opacity-70 u-spacing-10 u-text-custom-color-2 u-carousel-control-1\" href=\"#carousel-dbd3\" role=\"button\" data-u-slide=\"prev\">\n            <span aria-hidden=\"true\">\n              <svg viewBox=\"0 0 8 8\"><path d=\"M5.25 0l-4 4 4 4 1.5-1.5-2.5-2.5 2.5-2.5-1.5-1.5z\"><\/path><\/svg>\n            <\/span>\n            <span class=\"sr-only\">\n              <svg viewBox=\"0 0 8 8\"><path d=\"M5.25 0l-4 4 4 4 1.5-1.5-2.5-2.5 2.5-2.5-1.5-1.5z\"><\/path><\/svg>\n            <\/span>\n          <\/a>\n          <a class=\"u-absolute-vcenter u-carousel-control u-carousel-control-next u-opacity u-opacity-70 u-spacing-10 u-text-custom-color-2 u-carousel-control-2\" href=\"#carousel-dbd3\" role=\"button\" data-u-slide=\"next\">\n            <span aria-hidden=\"true\">\n              <svg viewBox=\"0 0 8 8\"><path d=\"M2.75 0l-1.5 1.5 2.5 2.5-2.5 2.5 1.5 1.5 4-4-4-4z\"><\/path><\/svg>\n            <\/span>\n            <span class=\"sr-only\">\n              <svg viewBox=\"0 0 8 8\"><path d=\"M2.75 0l-1.5 1.5 2.5 2.5-2.5 2.5 1.5 1.5 4-4-4-4z\"><\/path><\/svg>\n            <\/span>\n          <\/a>\n        <\/div>\n      <\/div>\n    <\/section>\n    \n    \n  \n","protected":false},"excerpt":{"rendered":"<p>NA\u0160E STUDIA V \u010cESK\u00c9 REPUBLICE PRAHA BRNO PLZE\u0147 OSTRAVACENTRUM LUDGE\u0158OVICE OLOMOUC FR\u00ddDEK-M\u00cdSTEK HAV\u00cd\u0158OV T\u0158INEC PRAHA BRNO PLZE\u0147 OSTRAVACENTRUM LUDGE\u0158OVICE OLOMOUC FR\u00ddDEK-M\u00cdSTEK HAV\u00cd\u0158OV T\u0158INEC BODY CLUB&nbsp;FR\u00ddDEK-M\u00cdSTEK I\u010c: 099 61 836 Pion\u00fdr\u016f 839Fr\u00fddek-M\u00edstek 738 01 +420 725 890 871 frydekmistek@body-club.cz OTEV\u00cdRAC\u00cd DOBA DLE OBJEDN\u00c1N\u00cd Vyhrazen\u00e9 parkovac\u00ed m\u00edsta pro na\u0161e klienty Sleva 10% pro \u010dleny klubu pevn\u00e9ho zdrav\u00ed &hellip; <a href=\"https:\/\/www.body-club.cz\/?page_id=97\" class=\"more-link\">Continue reading<span class=\"screen-reader-text\"> &#8222;BODY CLUB &#8211; Fr\u00fddek-M\u00edstek&#8220;<\/span><\/a><\/p>\n","protected":false},"author":1,"featured_media":0,"parent":0,"menu_order":9,"comment_status":"closed","ping_status":"closed","template":"","meta":{"footnotes":""},"class_list":["post-97","page","type-page","status-publish","hentry"],"_links":{"self":[{"href":"https:\/\/www.body-club.cz\/index.php?rest_route=\/wp\/v2\/pages\/97","targetHints":{"allow":["GET"]}}],"collection":[{"href":"https:\/\/www.body-club.cz\/index.php?rest_route=\/wp\/v2\/pages"}],"about":[{"href":"https:\/\/www.body-club.cz\/index.php?rest_route=\/wp\/v2\/types\/page"}],"author":[{"embeddable":true,"href":"https:\/\/www.body-club.cz\/index.php?rest_route=\/wp\/v2\/users\/1"}],"replies":[{"embeddable":true,"href":"https:\/\/www.body-club.cz\/index.php?rest_route=%2Fwp%2Fv2%2Fcomments&post=97"}],"version-history":[{"count":18,"href":"https:\/\/www.body-club.cz\/index.php?rest_route=\/wp\/v2\/pages\/97\/revisions"}],"predecessor-version":[{"id":1992,"href":"https:\/\/www.body-club.cz\/index.php?rest_route=\/wp\/v2\/pages\/97\/revisions\/1992"}],"wp:attachment":[{"href":"https:\/\/www.body-club.cz\/index.php?rest_route=%2Fwp%2Fv2%2Fmedia&parent=97"}],"curies":[{"name":"wp","href":"https:\/\/api.w.org\/{rel}","templated":true}]}}