{"id":95,"date":"2022-09-20T23:10:22","date_gmt":"2022-09-20T23:10:22","guid":{"rendered":"https:\/\/www.body-club.cz\/?page_id=95"},"modified":"2025-07-03T07:51:14","modified_gmt":"2025-07-03T07:51:14","slug":"ostrava-2","status":"publish","type":"page","link":"https:\/\/www.body-club.cz\/?page_id=95","title":{"rendered":"Body Club &#8211; Ostrava centrum"},"content":{"rendered":"\n    \n    <section class=\"u-align-center u-clearfix u-section-2\" id=\"sec-1f74\">\n      <div class=\"u-clearfix u-sheet u-valign-middle-xs u-sheet-1\">\n        <img decoding=\"async\" class=\"u-expanded-width u-image u-image-default u-image-1\" src=\"https:\/\/www.body-club.cz\/wp-content\/uploads\/2024\/11\/Bez-nzvu-1-4-5-10-2.png\" alt=\"\" data-image-width=\"1440\" data-image-height=\"130\">\n        <h1 class=\"u-custom-font u-text u-text-default u-text-font u-text-1\" data-lang-cz=\"<span class=&quot;u-text-custom-color-1&quot;>NA\u0160E STUDIA V \u010cESK\u00c9 REPUBLICE<\/span><span class=&quot;u-text-custom-color-1&quot;>\u200b<\/span>\">\n          <span class=\"u-text-custom-color-1\">NA\u0160E STUDIA V \u010cESK\u00c9 REPUBLICE<\/span>\n          <span class=\"u-text-custom-color-1\"><\/span>\n        <\/h1>\n        <div class=\"u-expanded-width u-hidden-md u-hidden-sm u-hidden-xs u-layout-grid u-list u-list-1\">\n          <div class=\"u-repeater u-repeater-1\">\n            <div class=\"u-container-style u-list-item u-repeater-item u-shape-rectangle\">\n              <div class=\"u-container-layout u-similar-container u-valign-middle u-container-layout-1\">\n                <a href=\"https:\/\/www.body-club.cz\/?page_id=98\" class=\"u-align-center u-border-1 u-border-active-palette-2-base u-border-hover-palette-1-base u-border-no-left u-border-no-right u-border-no-top u-btn u-button-style u-none u-text-palette-1-base u-btn-1\">PRAHA<\/a>\n              <\/div>\n            <\/div>\n            <div class=\"u-container-style u-list-item u-repeater-item u-shape-rectangle\">\n              <div class=\"u-container-layout u-similar-container u-valign-middle u-container-layout-2\">\n                <a href=\"https:\/\/www.body-club.cz\/?page_id=89\" class=\"u-align-center u-border-1 u-border-active-palette-2-base u-border-hover-palette-1-base u-border-no-left u-border-no-right u-border-no-top u-btn u-button-style u-none u-text-palette-1-base u-btn-2\">BRNO<\/a>\n              <\/div>\n            <\/div>\n            <div class=\"u-container-style u-list-item u-repeater-item u-shape-rectangle\">\n              <div class=\"u-container-layout u-similar-container u-valign-middle u-container-layout-3\">\n                <a href=\"https:\/\/www.body-club.cz\/?page_id=227\" class=\"u-align-center u-border-1 u-border-active-palette-2-base u-border-hover-palette-1-base u-border-no-left u-border-no-right u-border-no-top u-btn u-button-style u-none u-text-palette-1-base u-btn-3\">PLZE\u0147<\/a>\n              <\/div>\n            <\/div>\n            <div class=\"u-container-style u-list-item u-repeater-item u-shape-rectangle\">\n              <div class=\"u-container-layout u-similar-container u-valign-middle u-container-layout-4\">\n                <a href=\"https:\/\/www.body-club.cz\/?page_id=95\" class=\"u-align-center u-border-1 u-border-active-palette-2-base u-border-hover-palette-1-base u-border-no-left u-border-no-right u-border-no-top u-btn u-button-style u-none u-text-palette-1-base u-btn-4\">OSTRAVA<br>CENTRUM\n                <\/a>\n              <\/div>\n            <\/div>\n            <div class=\"u-container-style u-list-item u-repeater-item u-shape-rectangle\">\n              <div class=\"u-container-layout u-similar-container u-valign-middle u-container-layout-5\">\n                <a href=\"https:\/\/www.body-club.cz\/?page_id=228\" class=\"u-align-center u-border-1 u-border-active-palette-2-base u-border-hover-palette-1-base u-border-no-left u-border-no-right u-border-no-top u-btn u-button-style u-none u-text-palette-1-base u-btn-5\">LUDGE\u0158OVICE<\/a>\n              <\/div>\n            <\/div>\n            <div class=\"u-container-style u-list-item u-repeater-item u-shape-rectangle\">\n              <div class=\"u-container-layout u-similar-container u-valign-middle u-container-layout-6\">\n                <a href=\"https:\/\/www.body-club.cz\/?page_id=90\" class=\"u-align-center u-border-1 u-border-active-palette-2-base u-border-hover-palette-1-base u-border-no-left u-border-no-right u-border-no-top u-btn u-button-style u-none u-text-palette-1-base u-btn-6\">OLOMOUC<\/a>\n              <\/div>\n            <\/div>\n            <div class=\"u-container-style u-list-item u-repeater-item u-shape-rectangle\">\n              <div class=\"u-container-layout u-similar-container u-valign-middle u-container-layout-7\">\n                <a href=\"https:\/\/www.body-club.cz\/?page_id=97\" class=\"u-align-center u-border-1 u-border-active-palette-2-base u-border-hover-palette-1-base u-border-no-left u-border-no-right u-border-no-top u-btn u-button-style u-none u-text-palette-1-base u-btn-7\">FR\u00ddDEK-<br>M\u00cdSTEK\n                <\/a>\n              <\/div>\n            <\/div>\n            <div class=\"u-container-style u-list-item u-repeater-item u-shape-rectangle\">\n              <div class=\"u-container-layout u-similar-container u-valign-middle u-container-layout-8\">\n                <a href=\"https:\/\/www.body-club.cz\/?page_id=99\" class=\"u-align-center u-border-1 u-border-active-palette-2-base u-border-hover-palette-1-base u-border-no-left u-border-no-right u-border-no-top u-btn u-button-style u-none u-text-palette-1-base u-btn-8\">HAV\u00cd\u0158OV<\/a>\n              <\/div>\n            <\/div>\n            <div class=\"u-container-style u-list-item u-repeater-item u-shape-rectangle\">\n              <div class=\"u-container-layout u-similar-container u-valign-middle u-container-layout-9\">\n                <a href=\"https:\/\/www.body-club.cz\/?page_id=229\" class=\"u-align-center u-border-1 u-border-active-palette-2-base u-border-hover-palette-1-base u-border-no-left u-border-no-right u-border-no-top u-btn u-button-style u-none u-text-palette-1-base u-btn-9\">T\u0158INEC<\/a>\n              <\/div>\n            <\/div>\n          <\/div>\n        <\/div>\n        <div class=\"u-align-center-md u-align-center-sm u-align-center-xs u-expanded-width-lg u-expanded-width-xs u-hidden-lg u-hidden-xl u-layout-horizontal u-list u-list-2\">\n          <div class=\"u-repeater u-repeater-2\">\n            <div class=\"u-container-style u-list-item u-repeater-item u-shape-rectangle\">\n              <div class=\"u-container-layout u-similar-container u-valign-middle u-container-layout-10\">\n                <a href=\"https:\/\/www.body-club.cz\/?page_id=98\" class=\"u-align-center u-border-1 u-border-active-palette-2-base u-border-hover-palette-1-base u-border-no-left u-border-no-right u-border-no-top u-btn u-button-style u-none u-text-palette-1-base u-btn-10\">PRAHA<\/a>\n              <\/div>\n            <\/div>\n            <div class=\"u-container-style u-list-item u-repeater-item u-shape-rectangle\">\n              <div class=\"u-container-layout u-similar-container u-valign-middle u-container-layout-11\">\n                <a href=\"https:\/\/www.body-club.cz\/?page_id=89\" class=\"u-align-center u-border-1 u-border-active-palette-2-base u-border-hover-palette-1-base u-border-no-left u-border-no-right u-border-no-top u-btn u-button-style u-none u-text-palette-1-base u-btn-11\">BRNO<\/a>\n              <\/div>\n            <\/div>\n            <div class=\"u-container-style u-list-item u-repeater-item u-shape-rectangle\">\n              <div class=\"u-container-layout u-similar-container u-valign-middle u-container-layout-12\">\n                <a href=\"https:\/\/www.body-club.cz\/?page_id=227\" class=\"u-align-center u-border-1 u-border-active-palette-2-base u-border-hover-palette-1-base u-border-no-left u-border-no-right u-border-no-top u-btn u-button-style u-none u-text-palette-1-base u-btn-12\">PLZE\u0147<\/a>\n              <\/div>\n            <\/div>\n            <div class=\"u-container-style u-list-item u-repeater-item u-shape-rectangle\">\n              <div class=\"u-container-layout u-similar-container u-valign-middle u-container-layout-13\">\n                <a href=\"https:\/\/www.body-club.cz\/?page_id=95\" class=\"u-align-center u-border-1 u-border-active-palette-2-base u-border-hover-palette-1-base u-border-no-left u-border-no-right u-border-no-top u-btn u-button-style u-none u-text-palette-1-base u-btn-13\">OSTRAVA<br>CENTRUM\n                <\/a>\n              <\/div>\n            <\/div>\n            <div class=\"u-container-style u-list-item u-repeater-item u-shape-rectangle\">\n              <div class=\"u-container-layout u-similar-container u-valign-middle u-container-layout-14\">\n                <a href=\"https:\/\/www.body-club.cz\/?page_id=228\" class=\"u-align-center u-border-1 u-border-active-palette-2-base u-border-hover-palette-1-base u-border-no-left u-border-no-right u-border-no-top u-btn u-button-style u-none u-text-palette-1-base u-btn-14\">LUDGE\u0158OVICE<\/a>\n              <\/div>\n            <\/div>\n            <div class=\"u-container-style u-list-item u-repeater-item u-shape-rectangle\">\n              <div class=\"u-container-layout u-similar-container u-valign-middle u-container-layout-15\">\n                <a href=\"https:\/\/www.body-club.cz\/?page_id=90\" class=\"u-align-center u-border-1 u-border-active-palette-2-base u-border-hover-palette-1-base u-border-no-left u-border-no-right u-border-no-top u-btn u-button-style u-none u-text-palette-1-base u-btn-15\">OLOMOUC<\/a>\n              <\/div>\n            <\/div>\n            <div class=\"u-container-style u-list-item u-repeater-item u-shape-rectangle\">\n              <div class=\"u-container-layout u-similar-container u-valign-middle u-container-layout-16\">\n                <a href=\"https:\/\/www.body-club.cz\/?page_id=97\" class=\"u-align-center u-border-1 u-border-active-palette-2-base u-border-hover-palette-1-base u-border-no-left u-border-no-right u-border-no-top u-btn u-button-style u-none u-text-palette-1-base u-btn-16\">FR\u00ddDEK-<br>M\u00cdSTEK\n                <\/a>\n              <\/div>\n            <\/div>\n            <div class=\"u-container-style u-list-item u-repeater-item u-shape-rectangle\">\n              <div class=\"u-container-layout u-similar-container u-valign-middle u-container-layout-17\">\n                <a href=\"https:\/\/www.body-club.cz\/?page_id=99\" class=\"u-align-center u-border-1 u-border-active-palette-2-base u-border-hover-palette-1-base u-border-no-left u-border-no-right u-border-no-top u-btn u-button-style u-none u-text-palette-1-base u-btn-17\">HAV\u00cd\u0158OV<\/a>\n              <\/div>\n            <\/div>\n            <div class=\"u-container-style u-list-item u-repeater-item u-shape-rectangle\">\n              <div class=\"u-container-layout u-similar-container u-valign-middle u-container-layout-18\">\n                <a href=\"https:\/\/www.body-club.cz\/?page_id=229\" class=\"u-align-center u-border-1 u-border-active-palette-2-base u-border-hover-palette-1-base u-border-no-left u-border-no-right u-border-no-top u-btn u-button-style u-none u-text-palette-1-base u-btn-18\">T\u0158INEC<\/a>\n              <\/div>\n            <\/div>\n          <\/div>\n          <a class=\"u-absolute-vcenter u-gallery-nav u-gallery-nav-prev u-grey-70 u-icon-circle u-opacity u-opacity-70 u-spacing-10 u-text-white u-gallery-nav-1\" href=\"#\" role=\"button\">\n            <span aria-hidden=\"true\">\n              <svg viewBox=\"0 0 451.847 451.847\"><path d=\"M97.141,225.92c0-8.095,3.091-16.192,9.259-22.366L300.689,9.27c12.359-12.359,32.397-12.359,44.751,0\nc12.354,12.354,12.354,32.388,0,44.748L173.525,225.92l171.903,171.909c12.354,12.354,12.354,32.391,0,44.744\nc-12.354,12.365-32.386,12.365-44.745,0l-194.29-194.281C100.226,242.115,97.141,234.018,97.141,225.92z\"><\/path><\/svg>\n            <\/span>\n            <span class=\"sr-only\">\n              <svg viewBox=\"0 0 451.847 451.847\"><path d=\"M97.141,225.92c0-8.095,3.091-16.192,9.259-22.366L300.689,9.27c12.359-12.359,32.397-12.359,44.751,0\nc12.354,12.354,12.354,32.388,0,44.748L173.525,225.92l171.903,171.909c12.354,12.354,12.354,32.391,0,44.744\nc-12.354,12.365-32.386,12.365-44.745,0l-194.29-194.281C100.226,242.115,97.141,234.018,97.141,225.92z\"><\/path><\/svg>\n            <\/span>\n          <\/a>\n          <a class=\"u-absolute-vcenter u-gallery-nav u-gallery-nav-next u-grey-70 u-icon-circle u-opacity u-opacity-70 u-spacing-10 u-text-white u-gallery-nav-2\" href=\"#\" role=\"button\">\n            <span aria-hidden=\"true\">\n              <svg viewBox=\"0 0 451.846 451.847\"><path d=\"M345.441,248.292L151.154,442.573c-12.359,12.365-32.397,12.365-44.75,0c-12.354-12.354-12.354-32.391,0-44.744\nL278.318,225.92L106.409,54.017c-12.354-12.359-12.354-32.394,0-44.748c12.354-12.359,32.391-12.359,44.75,0l194.287,194.284\nc6.177,6.18,9.262,14.271,9.262,22.366C354.708,234.018,351.617,242.115,345.441,248.292z\"><\/path><\/svg>\n            <\/span>\n            <span class=\"sr-only\">\n              <svg viewBox=\"0 0 451.846 451.847\"><path d=\"M345.441,248.292L151.154,442.573c-12.359,12.365-32.397,12.365-44.75,0c-12.354-12.354-12.354-32.391,0-44.744\nL278.318,225.92L106.409,54.017c-12.354-12.359-12.354-32.394,0-44.748c12.354-12.359,32.391-12.359,44.75,0l194.287,194.284\nc6.177,6.18,9.262,14.271,9.262,22.366C354.708,234.018,351.617,242.115,345.441,248.292z\"><\/path><\/svg>\n            <\/span>\n          <\/a>\n        <\/div>\n      <\/div>\n    <\/section>\n    <section class=\"u-clearfix u-section-3\" id=\"sec-c0f4\">\n      <div class=\"u-clearfix u-sheet u-sheet-1\">\n        <h1 class=\"u-custom-font u-text u-text-custom-color-1 u-text-default u-text-font u-text-1\">\n          <span style=\"font-weight: 700;\">BODY<\/span>\n          <span style=\"font-style: italic;\">\n            <span style=\"font-weight: 700;\">\n              <span style=\"font-style: normal;\">CLUB OSTRAVA<\/span>\n            <\/span>\n            <br>\n          <\/span>\n          <span style=\"font-size: 1rem;\">\n            <span style=\"font-weight: 400;\">I<\/span>\n            <span style=\"font-weight: 400;\">\u010c: <\/span>\n          <\/span>\n          <span style=\"font-size: 1rem; font-weight: 400; font-style: italic;\">177 68 357<\/span>\n          <span style=\"font-size: 1rem;\">\n            <span style=\"font-style: italic;\">\n              <br>\n              <br>Roh\u00e1\u010dova 3339\/3<br>Moravsk\u00e1 Ostrava 702 00<br>+420 \n            <\/span>\n            <span style=\"font-weight: 400;\">\n              <span style=\"font-weight: 700;\">771 199 338<br>ostrava@body-club.cz\n              <\/span>\n              <br>\n              <br>\n              <span style=\"font-weight: 700;\">OTEV\u00cdRAC\u00cd DOBA DLE OBJEDN\u00c1N\u00cd<\/span>\n              <br>Vyhrazen\u00e1 podzemn\u00ed parkovac\u00ed m\u00edsta pro na\u0161e klienty\n            <\/span>\n          <\/span>\n          <br>\n        <\/h1>\n        <div class=\"u-expanded-width-xs u-grey-light-2 u-map u-map-1\">\n          <div class=\"embed-responsive\">\n            <iframe class=\"embed-responsive-item\" src=\"https:\/\/www.google.com\/maps\/embed?pb=!1m18!1m12!1m3!1d765.0254817314034!2d18.27851328303382!3d49.83815941229808!2m3!1f0!2f0!3f0!3m2!1i1024!2i768!4f13.1!3m3!1m2!1s0x4713e3ba6ec20c23%3A0x86cfeefa6c95e78e!2sBODY%20CLUB%20Ostrava!5e0!3m2!1scs!2scz!4v1663531755948!5m2!1scs!2scz\" data-map=\"JTdCJTIycG9zaXRpb25UeXBlJTIyJTNBJTIybWFwLWVtYmVkJTIyJTJDJTIyYWRkcmVzcyUyMiUzQSUyMlQlQzQlOUIlQzUlQTElQzMlQURuc2slQzMlQTElMjA1MGIlMkMlMjA3MzYlMjAwMSUyMiUyQyUyMnpvb20lMjIlM0ExNyUyQyUyMnR5cGVJZCUyMiUzQSUyMnJvYWQlMjIlMkMlMjJsYW5nJTIyJTNBJTIyY3MlMjIlMkMlMjJhcGlLZXklMjIlM0FudWxsJTJDJTIybWFya2VycyUyMiUzQSU1QiU1RCUyQyUyMmVtYmVkJTIyJTNBJTIyaHR0cHMlM0ElMkYlMkZ3d3cuZ29vZ2xlLmNvbSUyRm1hcHMlMkZlbWJlZCUzRnBiJTNEITFtMTghMW0xMiExbTMhMWQ3NjUuMDI1NDgxNzMxNDAzNCEyZDE4LjI3ODUxMzI4MzAzMzgyITNkNDkuODM4MTU5NDEyMjk4MDghMm0zITFmMCEyZjAhM2YwITNtMiExaTEwMjQhMmk3NjghNGYxMy4xITNtMyExbTIhMXMweDQ3MTNlM2JhNmVjMjBjMjMlMjUzQTB4ODZjZmVlZmE2Yzk1ZTc4ZSEyc0JPRFklMjUyMENMVUIlMjUyME9zdHJhdmEhNWUwITNtMiExc2NzITJzY3ohNHYxNjYzNTMxNzU1OTQ4ITVtMiExc2NzITJzY3olMjIlN0Q=\"><\/iframe>\n          <\/div>\n        <\/div>\n        <div class=\"u-clearfix u-custom-html u-custom-html-1\"><!-- inserted reservanto code -->\n          <div class=\"reservanto-widget\" data-text=\"REZERVACE BODY CLUB Ostrava centrum\" data-id=\"21731\" data-color-text=\"#ffffff\" data-color-text-shadow=\"#078185\" data-color-bg=\"#0ac1cb\" data-color-bg-hover=\"#13cbd1\" data-color-boxshadow=\"#078185\" data-locationid=\"21726\" data-locationids=\"21726\"><\/div>\n          <script defer=\"defer\" id=\"reservanto-widget-script\" type=\"text\/javascript\" src=\"https:\/\/booking.reservanto.cz\/Script\/reservanto-script.js?id=21731\"><\/script><!-- end of inserted reservanto code -->\n        <\/div>\n        <div class=\"u-clearfix u-custom-html u-custom-html-2\"><!-- inserted reservanto code -->\n          <div class=\"reservanto-widget\" data-text=\"REZERVACE BODY CLUB Ostrava centrum\" data-id=\"21731\" data-color-text=\"#ffffff\" data-color-text-shadow=\"#078185\" data-color-bg=\"#0ac1cb\" data-color-bg-hover=\"#13cbd1\" data-color-boxshadow=\"#078185\" data-locationid=\"21726\" data-locationids=\"21726\"><\/div>\n          <script defer=\"defer\" id=\"reservanto-widget-script\" type=\"text\/javascript\" src=\"https:\/\/booking.reservanto.cz\/Script\/reservanto-script.js?id=21731\"><\/script><!-- end of inserted reservanto code -->\n        <\/div>\n      <\/div>\n    <\/section>\n    <section class=\"u-clearfix u-section-4\" id=\"sec-a38f\">\n      <div class=\"u-clearfix u-sheet u-sheet-1\">\n        <img decoding=\"async\" class=\"u-expanded-width u-image u-image-default u-image-1\" src=\"http:\/\/www.body-club.cz\/wp-content\/uploads\/2022\/09\/bodyclub-pozadi.png\" alt=\"\" data-image-width=\"1440\" data-image-height=\"130\">\n        <div class=\"u-carousel u-gallery u-gallery-slider u-layout-carousel u-lightbox u-no-transition u-show-text-none u-gallery-1\" data-interval=\"5000\" data-u-ride=\"carousel\" id=\"carousel-dbd3\">\n          <ol class=\"u-absolute-hcenter u-carousel-indicators u-carousel-indicators-1\">\n            <li data-u-target=\"#carousel-dbd3\" data-u-slide-to=\"0\" class=\"u-active u-active-custom-color-1 u-custom-color-2 u-shape-circle\" style=\"width: 10px; height: 10px;\"><\/li>\n            <li data-u-target=\"#carousel-dbd3\" data-u-slide-to=\"1\" class=\"u-active-custom-color-1 u-custom-color-2 u-shape-circle\" style=\"width: 10px; height: 10px;\"><\/li>\n          <\/ol>\n          <div class=\"u-carousel-inner u-gallery-inner\" role=\"listbox\">\n            <div class=\"u-active u-carousel-item u-gallery-item u-carousel-item-1\">\n              <div class=\"u-back-slide\" data-image-width=\"1440\" data-image-height=\"1920\">\n                <img decoding=\"async\" class=\"u-back-image u-expanded u-image-contain u-back-image-1\" src=\"http:\/\/www.body-club.cz\/wp-content\/uploads\/2022\/09\/ostrava1.jpg\">\n              <\/div>\n              <div class=\"u-align-center u-over-slide u-shading u-valign-bottom u-over-slide-1\">\n                <h3 class=\"u-gallery-heading\">N\u00e1zev vzorku<\/h3>\n                <p class=\"u-gallery-text\">Uk\u00e1zka textu<\/p>\n              <\/div>\n            <\/div>\n            <div class=\"u-carousel-item u-gallery-item u-carousel-item-2\">\n              <div class=\"u-back-slide\" data-image-width=\"1920\" data-image-height=\"1920\">\n                <img decoding=\"async\" class=\"u-back-image u-expanded u-image-contain\" src=\"http:\/\/www.body-club.cz\/wp-content\/uploads\/2022\/09\/ostrava-scaled.jpg\">\n              <\/div>\n              <div class=\"u-align-center u-over-slide u-shading u-valign-bottom u-over-slide-2\">\n                <h3 class=\"u-gallery-heading\">N\u00e1zev vzorku<\/h3>\n                <p class=\"u-gallery-text\">Uk\u00e1zka textu<\/p>\n              <\/div>\n            <\/div>\n          <\/div>\n          <a class=\"u-absolute-vcenter u-carousel-control u-carousel-control-prev u-opacity u-opacity-70 u-spacing-10 u-text-custom-color-2 u-carousel-control-1\" href=\"#carousel-dbd3\" role=\"button\" data-u-slide=\"prev\">\n            <span aria-hidden=\"true\">\n              <svg viewBox=\"0 0 8 8\"><path d=\"M5.25 0l-4 4 4 4 1.5-1.5-2.5-2.5 2.5-2.5-1.5-1.5z\"><\/path><\/svg>\n            <\/span>\n            <span class=\"sr-only\">\n              <svg viewBox=\"0 0 8 8\"><path d=\"M5.25 0l-4 4 4 4 1.5-1.5-2.5-2.5 2.5-2.5-1.5-1.5z\"><\/path><\/svg>\n            <\/span>\n          <\/a>\n          <a class=\"u-absolute-vcenter u-carousel-control u-carousel-control-next u-opacity u-opacity-70 u-spacing-10 u-text-custom-color-2 u-carousel-control-2\" href=\"#carousel-dbd3\" role=\"button\" data-u-slide=\"next\">\n            <span aria-hidden=\"true\">\n              <svg viewBox=\"0 0 8 8\"><path d=\"M2.75 0l-1.5 1.5 2.5 2.5-2.5 2.5 1.5 1.5 4-4-4-4z\"><\/path><\/svg>\n            <\/span>\n            <span class=\"sr-only\">\n              <svg viewBox=\"0 0 8 8\"><path d=\"M2.75 0l-1.5 1.5 2.5 2.5-2.5 2.5 1.5 1.5 4-4-4-4z\"><\/path><\/svg>\n            <\/span>\n          <\/a>\n        <\/div>\n      <\/div>\n    <\/section>\n    \n    \n  \n","protected":false},"excerpt":{"rendered":"<p>NA\u0160E STUDIA V \u010cESK\u00c9 REPUBLICE PRAHA BRNO PLZE\u0147 OSTRAVACENTRUM LUDGE\u0158OVICE OLOMOUC FR\u00ddDEK-M\u00cdSTEK HAV\u00cd\u0158OV T\u0158INEC PRAHA BRNO PLZE\u0147 OSTRAVACENTRUM LUDGE\u0158OVICE OLOMOUC FR\u00ddDEK-M\u00cdSTEK HAV\u00cd\u0158OV T\u0158INEC BODY CLUB OSTRAVA I \u010c: 177 68 357 Roh\u00e1\u010dova 3339\/3Moravsk\u00e1 Ostrava 702 00+420 771 199 338ostrava@body-club.cz OTEV\u00cdRAC\u00cd DOBA DLE OBJEDN\u00c1N\u00cd Vyhrazen\u00e1 podzemn\u00ed parkovac\u00ed m\u00edsta pro na\u0161e klienty N\u00e1zev vzorku Uk\u00e1zka textu N\u00e1zev &hellip; <a href=\"https:\/\/www.body-club.cz\/?page_id=95\" class=\"more-link\">Continue reading<span class=\"screen-reader-text\"> &#8222;Body Club &#8211; Ostrava centrum&#8220;<\/span><\/a><\/p>\n","protected":false},"author":1,"featured_media":0,"parent":0,"menu_order":7,"comment_status":"closed","ping_status":"closed","template":"","meta":{"footnotes":""},"class_list":["post-95","page","type-page","status-publish","hentry"],"_links":{"self":[{"href":"https:\/\/www.body-club.cz\/index.php?rest_route=\/wp\/v2\/pages\/95","targetHints":{"allow":["GET"]}}],"collection":[{"href":"https:\/\/www.body-club.cz\/index.php?rest_route=\/wp\/v2\/pages"}],"about":[{"href":"https:\/\/www.body-club.cz\/index.php?rest_route=\/wp\/v2\/types\/page"}],"author":[{"embeddable":true,"href":"https:\/\/www.body-club.cz\/index.php?rest_route=\/wp\/v2\/users\/1"}],"replies":[{"embeddable":true,"href":"https:\/\/www.body-club.cz\/index.php?rest_route=%2Fwp%2Fv2%2Fcomments&post=95"}],"version-history":[{"count":19,"href":"https:\/\/www.body-club.cz\/index.php?rest_route=\/wp\/v2\/pages\/95\/revisions"}],"predecessor-version":[{"id":2043,"href":"https:\/\/www.body-club.cz\/index.php?rest_route=\/wp\/v2\/pages\/95\/revisions\/2043"}],"wp:attachment":[{"href":"https:\/\/www.body-club.cz\/index.php?rest_route=%2Fwp%2Fv2%2Fmedia&parent=95"}],"curies":[{"name":"wp","href":"https:\/\/api.w.org\/{rel}","templated":true}]}}