{"id":92,"date":"2022-09-20T23:10:19","date_gmt":"2022-09-20T23:10:19","guid":{"rendered":"https:\/\/www.body-club.cz\/?page_id=92"},"modified":"2023-09-04T12:12:20","modified_gmt":"2023-09-04T12:12:20","slug":"cenik","status":"publish","type":"page","link":"https:\/\/www.body-club.cz\/?page_id=92","title":{"rendered":"Body Club &#8211; Cen\u00edk"},"content":{"rendered":"\n    \n    <section class=\"u-align-center u-clearfix u-section-2\" id=\"sec-d98b\">\n      <div class=\"u-clearfix u-sheet u-sheet-1\">\n        <img decoding=\"async\" class=\"u-expanded-width u-image u-image-default u-image-1\" src=\"http:\/\/www.body-club.cz\/wp-content\/uploads\/2022\/09\/Bez-nzvu-1.png\" alt=\"\" data-image-width=\"1440\" data-image-height=\"130\">\n        <h1 class=\"u-custom-font u-text u-text-font u-text-1\">\n          <font color=\"#242d5f\">cen\u00edk slu\u017eeb<\/font>\n        <\/h1>\n        <div class=\"u-border-3 u-border-custom-color-2 u-expanded-width u-line u-line-horizontal u-line-1\"><\/div>\n        <div class=\"u-border-3 u-border-custom-color-2 u-expanded-width u-line u-line-horizontal u-line-2\"><\/div>\n        <h2 class=\"u-custom-font u-text u-text-default u-text-font u-text-2\">N\u00c1ZEV SLU\u200b\u017dBY<\/h2>\n        <h2 class=\"u-custom-font u-text u-text-black u-text-default u-text-font u-text-3\">CENA TR\u00c9NINKU<br>\n        <\/h2>\n        <div class=\"u-border-3 u-border-custom-color-2 u-expanded-width u-line u-line-horizontal u-line-3\"><\/div>\n        <p class=\"u-align-center-xs u-align-left-lg u-align-left-md u-align-left-sm u-align-left-xl u-hover-feature u-text u-text-custom-color-1 u-text-default u-text-4\" data-animation-out=\"0\" data-animation-name=\"pulse\" data-animation-duration=\"1000\" data-animation-direction=\"\">Zku\u0161ebn\u00ed VIP Impulse Training - platba online<\/p>\n        <p class=\"u-align-left u-hover-feature u-text u-text-default u-text-5\" data-animation-name=\"pulse\" data-animation-duration=\"1000\" data-animation-direction=\"\">249 K\u010d<\/p>\n        <img decoding=\"async\" class=\"u-image u-image-default u-image-2\" src=\"https:\/\/www.body-club.cz\/wp-content\/uploads\/2023\/09\/WEBTLATKO_Z-1.gif\" alt=\"\" data-image-width=\"864\" data-image-height=\"320\" data-href=\"https:\/\/www.body-club.cz\/?page_id=91\">\n        <p class=\"u-align-left u-hover-feature u-text u-text-default u-text-6\" data-animation-name=\"pulse\" data-animation-duration=\"1000\" data-animation-direction=\"\">249 K\u010d<\/p>\n        <p class=\"u-align-center-xs u-align-left-lg u-align-left-md u-align-left-sm u-align-left-xl u-hover-feature u-text u-text-custom-color-1 u-text-default u-text-7\" data-animation-name=\"pulse\" data-animation-duration=\"1000\" data-animation-direction=\"\">Zku\u0161ebn\u00ed Impulse Training ve dvojici - platba online<\/p>\n        <p class=\"u-align-center-xs u-align-left-lg u-align-left-md u-align-left-sm u-align-left-xl u-text u-text-custom-color-1 u-text-8\">Zku\u0161ebn\u00ed VIP Impulse Training&nbsp;<\/p>\n        <p class=\"u-align-left u-text u-text-black u-text-default u-text-9\">399 K\u010d<\/p>\n        <p class=\"u-align-left u-text u-text-black u-text-default u-text-10\">399 K\u010d<\/p>\n        <p class=\"u-align-center-xs u-align-left-lg u-align-left-md u-align-left-sm u-align-left-xl u-text u-text-custom-color-1 u-text-default u-text-11\">Zku\u0161ebn\u00ed VIP Impulse Training ve dvojici<\/p>\n        <div class=\"u-border-3 u-border-custom-color-2 u-expanded-width u-line u-line-horizontal u-line-4\"><\/div>\n        <h2 class=\"u-align-center u-custom-font u-text u-text-custom-color-1 u-text-font u-text-12\">BAL\u00cd\u010cKY TR\u00c9NINK\u016e<br>\n          <br>\n        <\/h2>\n        <div class=\"u-border-3 u-border-custom-color-2 u-expanded-width u-line u-line-horizontal u-line-5\"><\/div>\n        <img decoding=\"async\" class=\"u-image u-image-contain u-image-default u-preserve-proportions u-image-3\" src=\"http:\/\/www.body-club.cz\/wp-content\/uploads\/2022\/11\/cenk2.png\" alt=\"\" data-image-width=\"1961\" data-image-height=\"1961\" data-href=\"https:\/\/www.body-club.cz\/?page_id=91\" title=\"Body Club \u2013 rezervace krok 1\">\n        <img decoding=\"async\" class=\"u-image u-image-contain u-image-default u-preserve-proportions u-image-4\" src=\"https:\/\/www.body-club.cz\/wp-content\/uploads\/2023\/01\/vip.png\" alt=\"\" data-image-width=\"1961\" data-image-height=\"1961\" data-href=\"https:\/\/www.body-club.cz\/?page_id=91\" title=\"Body Club \u2013 rezervace krok 1\">\n        <h4 class=\"u-text u-text-default u-text-13\">V KA\u017dD\u00c9M BAL\u00cd\u010cKU Z\u00cdSK\u00c1TE:&nbsp;<\/h4>\n        <div class=\"u-expanded-width-md u-expanded-width-sm u-expanded-width-xs u-list u-list-1\">\n          <div class=\"u-repeater u-repeater-1\">\n            <div class=\"u-container-style u-list-item u-repeater-item\">\n              <div class=\"u-container-layout u-similar-container u-container-layout-1\"><span class=\"u-icon u-icon-circle u-text-palette-1-base u-icon-1\"><svg class=\"u-svg-link\" preserveAspectRatio=\"xMidYMin slice\" viewBox=\"0 0 515.556 515.556\" style=\"\"><use xlink:href=\"#svg-1c36\"><\/use><\/svg><svg class=\"u-svg-content\" viewBox=\"0 0 515.556 515.556\" id=\"svg-1c36\"><path d=\"m0 274.226 176.549 176.886 339.007-338.672-48.67-47.997-290.337 290-128.553-128.552z\"><\/path><\/svg>\n            \n            \n          <\/span>\n                <p class=\"u-text u-text-14\">SOUKROM\u00cd NA\u0160EHO STUDIA, POUZE VY A V\u00c1\u0160 OSOBN\u00cd TREN\u00c9R<br>(V P\u0158\u00cdPAD\u011a TR\u00c9NINKU VE DVOJICI, JE\u0160T\u011a S VA\u0160\u00cdM PAR\u0164\u00c1KEM)\n                <\/p>\n              <\/div>\n            <\/div>\n            <div class=\"u-container-style u-list-item u-repeater-item\">\n              <div class=\"u-container-layout u-similar-container u-container-layout-2\"><span class=\"u-icon u-icon-circle u-text-palette-1-base u-icon-2\"><svg class=\"u-svg-link\" preserveAspectRatio=\"xMidYMin slice\" viewBox=\"0 0 515.556 515.556\" style=\"\"><use xlink:href=\"#svg-ca00\"><\/use><\/svg><svg class=\"u-svg-content\" viewBox=\"0 0 515.556 515.556\" id=\"svg-ca00\"><path d=\"m0 274.226 176.549 176.886 339.007-338.672-48.67-47.997-290.337 290-128.553-128.552z\"><\/path><\/svg>\n            \n            \n          <\/span>\n                <p class=\"u-text u-text-15\">V\u00dd\u017dIVOV\u00dd PL\u00c1N A VZOROV\u00dd J\u00cdDELN\u00cd\u010cEK<\/p>\n              <\/div>\n            <\/div>\n            <div class=\"u-container-style u-list-item u-repeater-item\">\n              <div class=\"u-container-layout u-similar-container u-container-layout-3\"><span class=\"u-icon u-icon-circle u-text-palette-1-base u-icon-3\"><svg class=\"u-svg-link\" preserveAspectRatio=\"xMidYMin slice\" viewBox=\"0 0 515.556 515.556\" style=\"\"><use xlink:href=\"#svg-5a91\"><\/use><\/svg><svg class=\"u-svg-content\" viewBox=\"0 0 515.556 515.556\" id=\"svg-5a91\"><path d=\"m0 274.226 176.549 176.886 339.007-338.672-48.67-47.997-290.337 290-128.553-128.552z\"><\/path><\/svg>\n            \n            \n          <\/span>\n                <p class=\"u-text u-text-16\">SESTAVEN\u00cd TR\u00c9NINKU DLE PO\u017dADAVK\u016e A C\u00cdL\u016e KLIENTA<\/p>\n              <\/div>\n            <\/div>\n            <div class=\"u-container-style u-list-item u-repeater-item\">\n              <div class=\"u-container-layout u-similar-container u-container-layout-4\"><span class=\"u-icon u-icon-circle u-text-palette-1-base u-icon-4\"><svg class=\"u-svg-link\" preserveAspectRatio=\"xMidYMin slice\" viewBox=\"0 0 515.556 515.556\" style=\"\"><use xlink:href=\"#svg-5a91\"><\/use><\/svg><svg class=\"u-svg-content\" viewBox=\"0 0 515.556 515.556\" id=\"svg-5a91\"><path d=\"m0 274.226 176.549 176.886 339.007-338.672-48.67-47.997-290.337 290-128.553-128.552z\"><\/path><\/svg>\n            \n            \n          <\/span>\n                <p class=\"u-text u-text-17\">IONTOV\u00dd A PROTEINOV\u00dd N\u00c1POJ, RU\u010cN\u00cdK, HYGIENICK\u00c9 POT\u0158EBY<\/p>\n              <\/div>\n            <\/div>\n            <div class=\"u-container-style u-list-item u-repeater-item\">\n              <div class=\"u-container-layout u-similar-container u-container-layout-5\"><span class=\"u-icon u-icon-circle u-text-palette-1-base u-icon-5\"><svg class=\"u-svg-link\" preserveAspectRatio=\"xMidYMin slice\" viewBox=\"0 0 515.556 515.556\" style=\"\"><use xlink:href=\"#svg-5a91\"><\/use><\/svg><svg class=\"u-svg-content\" viewBox=\"0 0 515.556 515.556\" id=\"svg-5a91\"><path d=\"m0 274.226 176.549 176.886 339.007-338.672-48.67-47.997-290.337 290-128.553-128.552z\"><\/path><\/svg>\n            \n            \n          <\/span>\n                <p class=\"u-text u-text-18\"> PRAVIDELN\u00c1 ANAL\u00ddZA T\u011aLA S VYHODNOCEN\u00cdM&nbsp; V\u00ddSLEDK\u016e NA V\u00c1ZE TANITA BC 1000<\/p>\n              <\/div>\n            <\/div>\n            <div class=\"u-container-style u-list-item u-repeater-item\">\n              <div class=\"u-container-layout u-similar-container u-container-layout-6\"><span class=\"u-icon u-icon-circle u-text-palette-1-base u-icon-6\"><svg class=\"u-svg-link\" preserveAspectRatio=\"xMidYMin slice\" viewBox=\"0 0 515.556 515.556\" style=\"\"><use xlink:href=\"#svg-5a91\"><\/use><\/svg><svg class=\"u-svg-content\" viewBox=\"0 0 515.556 515.556\" id=\"svg-5a91\"><path d=\"m0 274.226 176.549 176.886 339.007-338.672-48.67-47.997-290.337 290-128.553-128.552z\"><\/path><\/svg>\n            \n            \n          <\/span>\n                <p class=\"u-text u-text-19\">MAS\u00c1\u017d PO KA\u017dD\u00c9M TR\u00c9NINKU, V\u010cETN\u011a ANTICELULITIDOV\u00c9 PRO \u017dENY<\/p>\n              <\/div>\n            <\/div>\n          <\/div>\n        <\/div>\n      <\/div>\n      \n      \n      \n      \n    <\/section>\n    <section class=\"u-clearfix u-section-3\" id=\"sec-e12f\">\n      <div class=\"u-clearfix u-sheet u-sheet-1\">\n        <img decoding=\"async\" class=\"u-expanded-width u-image u-image-default u-image-1\" src=\"http:\/\/www.body-club.cz\/wp-content\/uploads\/2022\/09\/Bez-nzvu-1.png\" alt=\"\" data-image-width=\"1440\" data-image-height=\"130\">\n        <h1 class=\"u-custom-font u-text u-text-font u-text-1\">\n          <font color=\"#242d5f\">DOPL\u0147KOV\u00c9 SLU\u017dBY<\/font>\n        <\/h1>\n        <img decoding=\"async\" class=\"u-image u-image-default u-image-2\" src=\"http:\/\/www.body-club.cz\/wp-content\/uploads\/2022\/09\/cenik-doplnek-1.png\" alt=\"\" data-image-width=\"258\" data-image-height=\"223\">\n        <img decoding=\"async\" class=\"u-image u-image-default u-image-3\" src=\"http:\/\/www.body-club.cz\/wp-content\/uploads\/2022\/09\/cenik-doplnek-2.png\" alt=\"\" data-image-width=\"258\" data-image-height=\"223\">\n        <img decoding=\"async\" class=\"u-image u-image-default u-image-4\" src=\"http:\/\/www.body-club.cz\/wp-content\/uploads\/2022\/09\/cenik-doplnek-3.png\" alt=\"\" data-image-width=\"258\" data-image-height=\"223\">\n        <img decoding=\"async\" class=\"u-image u-image-default u-image-5\" src=\"http:\/\/www.body-club.cz\/wp-content\/uploads\/2022\/09\/cenik-doplnek-4.png\" alt=\"\" data-image-width=\"258\" data-image-height=\"223\">\n        <img decoding=\"async\" class=\"u-image u-image-default u-image-6\" src=\"http:\/\/www.body-club.cz\/wp-content\/uploads\/2022\/09\/cenik-doplnek-5.png\" alt=\"\" data-image-width=\"258\" data-image-height=\"223\">\n      <\/div>\n    <\/section>\n    \n    \n  \n","protected":false},"excerpt":{"rendered":"<p>cen\u00edk slu\u017eeb N\u00c1ZEV SLU\u200b\u017dBY CENA TR\u00c9NINKU Zku\u0161ebn\u00ed VIP Impulse Training &#8211; platba online 249 K\u010d 249 K\u010d Zku\u0161ebn\u00ed Impulse Training ve dvojici &#8211; platba online Zku\u0161ebn\u00ed VIP Impulse Training&nbsp; 399 K\u010d 399 K\u010d Zku\u0161ebn\u00ed VIP Impulse Training ve dvojici BAL\u00cd\u010cKY TR\u00c9NINK\u016e V KA\u017dD\u00c9M BAL\u00cd\u010cKU Z\u00cdSK\u00c1TE:&nbsp; SOUKROM\u00cd NA\u0160EHO STUDIA, POUZE VY A V\u00c1\u0160 OSOBN\u00cd TREN\u00c9R(V P\u0158\u00cdPAD\u011a &hellip; <a href=\"https:\/\/www.body-club.cz\/?page_id=92\" class=\"more-link\">Continue reading<span class=\"screen-reader-text\"> &#8222;Body Club &#8211; Cen\u00edk&#8220;<\/span><\/a><\/p>\n","protected":false},"author":1,"featured_media":0,"parent":0,"menu_order":4,"comment_status":"closed","ping_status":"closed","template":"","meta":{"footnotes":""},"class_list":["post-92","page","type-page","status-publish","hentry"],"_links":{"self":[{"href":"https:\/\/www.body-club.cz\/index.php?rest_route=\/wp\/v2\/pages\/92","targetHints":{"allow":["GET"]}}],"collection":[{"href":"https:\/\/www.body-club.cz\/index.php?rest_route=\/wp\/v2\/pages"}],"about":[{"href":"https:\/\/www.body-club.cz\/index.php?rest_route=\/wp\/v2\/types\/page"}],"author":[{"embeddable":true,"href":"https:\/\/www.body-club.cz\/index.php?rest_route=\/wp\/v2\/users\/1"}],"replies":[{"embeddable":true,"href":"https:\/\/www.body-club.cz\/index.php?rest_route=%2Fwp%2Fv2%2Fcomments&post=92"}],"version-history":[{"count":18,"href":"https:\/\/www.body-club.cz\/index.php?rest_route=\/wp\/v2\/pages\/92\/revisions"}],"predecessor-version":[{"id":1580,"href":"https:\/\/www.body-club.cz\/index.php?rest_route=\/wp\/v2\/pages\/92\/revisions\/1580"}],"wp:attachment":[{"href":"https:\/\/www.body-club.cz\/index.php?rest_route=%2Fwp%2Fv2%2Fmedia&parent=92"}],"curies":[{"name":"wp","href":"https:\/\/api.w.org\/{rel}","templated":true}]}}