{"id":89,"date":"2022-09-20T23:10:16","date_gmt":"2022-09-20T23:10:16","guid":{"rendered":"https:\/\/www.body-club.cz\/?page_id=89"},"modified":"2025-07-16T11:02:42","modified_gmt":"2025-07-16T11:02:42","slug":"brno-2","status":"publish","type":"page","link":"https:\/\/www.body-club.cz\/?page_id=89","title":{"rendered":"BODY CLUB Brno"},"content":{"rendered":"\n    \n    <section class=\"u-align-center u-clearfix u-section-2\" id=\"sec-be63\">\n      <div class=\"u-clearfix u-sheet u-sheet-1\">\n        <img decoding=\"async\" class=\"u-expanded-width u-image u-image-default u-image-1\" src=\"https:\/\/www.body-club.cz\/wp-content\/uploads\/2024\/04\/Bez-nzvu-1-4-5-7.png\" alt=\"\" data-image-width=\"1440\" data-image-height=\"130\">\n        <h1 class=\"u-custom-font u-text u-text-default u-text-font u-text-1\" data-lang-cz=\"<span class=&quot;u-text-custom-color-1&quot;>NA\u0160E STUDIA V \u010cESK\u00c9 REPUBLICE<\/span><span class=&quot;u-text-custom-color-1&quot;>\u200b<\/span>\">\n          <span class=\"u-text-custom-color-1\">NA\u0160E STUDIA V \u010cESK\u00c9 REPUBLICE<\/span>\n          <span class=\"u-text-custom-color-1\"><\/span>\n        <\/h1>\n        <div class=\"u-expanded-width u-hidden-md u-hidden-sm u-hidden-xs u-layout-grid u-list u-list-1\">\n          <div class=\"u-repeater u-repeater-1\">\n            <div class=\"u-container-style u-list-item u-repeater-item u-shape-rectangle\">\n              <div class=\"u-container-layout u-similar-container u-valign-middle u-container-layout-1\">\n                <a href=\"https:\/\/www.body-club.cz\/?page_id=98\" class=\"u-align-center u-border-1 u-border-active-palette-2-base u-border-hover-palette-1-base u-border-no-left u-border-no-right u-border-no-top u-btn u-button-style u-none u-text-palette-1-base u-btn-1\">PRAHA<\/a>\n              <\/div>\n            <\/div>\n            <div class=\"u-container-style u-list-item u-repeater-item u-shape-rectangle\">\n              <div class=\"u-container-layout u-similar-container u-valign-middle u-container-layout-2\">\n                <a href=\"https:\/\/www.body-club.cz\/?page_id=89\" class=\"u-align-center u-border-1 u-border-active-palette-2-base u-border-hover-palette-1-base u-border-no-left u-border-no-right u-border-no-top u-btn u-button-style u-none u-text-palette-1-base u-btn-2\">BRNO<\/a>\n              <\/div>\n            <\/div>\n            <div class=\"u-container-style u-list-item u-repeater-item u-shape-rectangle\">\n              <div class=\"u-container-layout u-similar-container u-valign-middle u-container-layout-3\">\n                <a href=\"https:\/\/www.body-club.cz\/?page_id=227\" class=\"u-align-center u-border-1 u-border-active-palette-2-base u-border-hover-palette-1-base u-border-no-left u-border-no-right u-border-no-top u-btn u-button-style u-none u-text-palette-1-base u-btn-3\">PLZE\u0147<\/a>\n              <\/div>\n            <\/div>\n            <div class=\"u-container-style u-list-item u-repeater-item u-shape-rectangle\">\n              <div class=\"u-container-layout u-similar-container u-valign-middle u-container-layout-4\">\n                <a href=\"https:\/\/www.body-club.cz\/?page_id=95\" class=\"u-align-center u-border-1 u-border-active-palette-2-base u-border-hover-palette-1-base u-border-no-left u-border-no-right u-border-no-top u-btn u-button-style u-none u-text-palette-1-base u-btn-4\">OSTRAVA<br>\n                <\/a>\n              <\/div>\n            <\/div>\n            <div class=\"u-container-style u-list-item u-repeater-item u-shape-rectangle\">\n              <div class=\"u-container-layout u-similar-container u-valign-middle u-container-layout-5\">\n                <a href=\"https:\/\/www.body-club.cz\/?page_id=90\" class=\"u-align-center u-border-1 u-border-active-palette-2-base u-border-hover-palette-1-base u-border-no-left u-border-no-right u-border-no-top u-btn u-button-style u-none u-text-palette-1-base u-btn-5\">OLOMOUC<\/a>\n              <\/div>\n            <\/div>\n            <div class=\"u-container-style u-list-item u-repeater-item u-shape-rectangle\">\n              <div class=\"u-container-layout u-similar-container u-valign-middle u-container-layout-6\">\n                <a href=\"https:\/\/www.body-club.cz\/?page_id=97\" class=\"u-align-center u-border-1 u-border-active-palette-2-base u-border-hover-palette-1-base u-border-no-left u-border-no-right u-border-no-top u-btn u-button-style u-none u-text-palette-1-base u-btn-6\">FR\u00ddDEK-<br>M\u00cdSTEK\n                <\/a>\n              <\/div>\n            <\/div>\n            <div class=\"u-container-style u-list-item u-repeater-item u-shape-rectangle\">\n              <div class=\"u-container-layout u-similar-container u-valign-middle u-container-layout-7\">\n                <a href=\"https:\/\/www.body-club.cz\/?page_id=99\" class=\"u-align-center u-border-1 u-border-active-palette-2-base u-border-hover-palette-1-base u-border-no-left u-border-no-right u-border-no-top u-btn u-button-style u-none u-text-palette-1-base u-btn-7\">HAV\u00cd\u0158OV<\/a>\n              <\/div>\n            <\/div>\n            <div class=\"u-container-style u-list-item u-repeater-item u-shape-rectangle\">\n              <div class=\"u-container-layout u-similar-container u-valign-middle u-container-layout-8\">\n                <a href=\"https:\/\/www.body-club.cz\/?page_id=229\" class=\"u-align-center u-border-1 u-border-active-palette-2-base u-border-hover-palette-1-base u-border-no-left u-border-no-right u-border-no-top u-btn u-button-style u-none u-text-palette-1-base u-btn-8\">T\u0158INEC<\/a>\n              <\/div>\n            <\/div>\n          <\/div>\n        <\/div>\n        <div class=\"u-align-center-md u-align-center-sm u-align-center-xs u-expanded-width-lg u-hidden-lg u-hidden-xl u-layout-horizontal u-list u-list-2\">\n          <div class=\"u-repeater u-repeater-2\">\n            <div class=\"u-container-style u-list-item u-repeater-item u-shape-rectangle\">\n              <div class=\"u-container-layout u-similar-container u-valign-middle u-container-layout-9\">\n                <a href=\"https:\/\/www.body-club.cz\/?page_id=98\" class=\"u-align-center u-border-1 u-border-active-palette-2-base u-border-hover-palette-1-base u-border-no-left u-border-no-right u-border-no-top u-btn u-button-style u-none u-text-palette-1-base u-btn-9\">PRAHA<\/a>\n              <\/div>\n            <\/div>\n            <div class=\"u-container-style u-list-item u-repeater-item u-shape-rectangle\">\n              <div class=\"u-container-layout u-similar-container u-valign-middle u-container-layout-10\">\n                <a href=\"https:\/\/www.body-club.cz\/?page_id=89\" class=\"u-align-center u-border-1 u-border-active-palette-2-base u-border-hover-palette-1-base u-border-no-left u-border-no-right u-border-no-top u-btn u-button-style u-none u-text-palette-1-base u-btn-10\">BRNO<\/a>\n              <\/div>\n            <\/div>\n            <div class=\"u-container-style u-list-item u-repeater-item u-shape-rectangle\">\n              <div class=\"u-container-layout u-similar-container u-valign-middle u-container-layout-11\">\n                <a href=\"https:\/\/www.body-club.cz\/?page_id=227\" class=\"u-align-center u-border-1 u-border-active-palette-2-base u-border-hover-palette-1-base u-border-no-left u-border-no-right u-border-no-top u-btn u-button-style u-none u-text-palette-1-base u-btn-11\">PLZE\u0147<\/a>\n              <\/div>\n            <\/div>\n            <div class=\"u-container-style u-list-item u-repeater-item u-shape-rectangle\">\n              <div class=\"u-container-layout u-similar-container u-valign-middle u-container-layout-12\">\n                <a href=\"https:\/\/www.body-club.cz\/?page_id=95\" class=\"u-align-center u-border-1 u-border-active-palette-2-base u-border-hover-palette-1-base u-border-no-left u-border-no-right u-border-no-top u-btn u-button-style u-none u-text-palette-1-base u-btn-12\">OSTRAVA<br>\n                <\/a>\n              <\/div>\n            <\/div>\n            <div class=\"u-container-style u-list-item u-repeater-item u-shape-rectangle\">\n              <div class=\"u-container-layout u-similar-container u-valign-middle u-container-layout-13\">\n                <a href=\"https:\/\/www.body-club.cz\/?page_id=90\" class=\"u-align-center u-border-1 u-border-active-palette-2-base u-border-hover-palette-1-base u-border-no-left u-border-no-right u-border-no-top u-btn u-button-style u-none u-text-palette-1-base u-btn-13\">OLOMOUC<\/a>\n              <\/div>\n            <\/div>\n            <div class=\"u-container-style u-list-item u-repeater-item u-shape-rectangle\">\n              <div class=\"u-container-layout u-similar-container u-valign-middle u-container-layout-14\">\n                <a href=\"https:\/\/www.body-club.cz\/?page_id=97\" class=\"u-align-center u-border-1 u-border-active-palette-2-base u-border-hover-palette-1-base u-border-no-left u-border-no-right u-border-no-top u-btn u-button-style u-none u-text-palette-1-base u-btn-14\">FR\u00ddDEK-<br>M\u00cdSTEK\n                <\/a>\n              <\/div>\n            <\/div>\n            <div class=\"u-container-style u-list-item u-repeater-item u-shape-rectangle\">\n              <div class=\"u-container-layout u-similar-container u-valign-middle u-container-layout-15\">\n                <a href=\"https:\/\/www.body-club.cz\/?page_id=99\" class=\"u-align-center u-border-1 u-border-active-palette-2-base u-border-hover-palette-1-base u-border-no-left u-border-no-right u-border-no-top u-btn u-button-style u-none u-text-palette-1-base u-btn-15\">HAV\u00cd\u0158OV<\/a>\n              <\/div>\n            <\/div>\n            <div class=\"u-container-style u-list-item u-repeater-item u-shape-rectangle\">\n              <div class=\"u-container-layout u-similar-container u-valign-middle u-container-layout-16\">\n                <a href=\"https:\/\/www.body-club.cz\/?page_id=229\" class=\"u-align-center u-border-1 u-border-active-palette-2-base u-border-hover-palette-1-base u-border-no-left u-border-no-right u-border-no-top u-btn u-button-style u-none u-text-palette-1-base u-btn-16\">T\u0158INEC<\/a>\n              <\/div>\n            <\/div>\n          <\/div>\n          <a class=\"u-absolute-vcenter u-gallery-nav u-gallery-nav-prev u-grey-70 u-icon-circle u-opacity u-opacity-70 u-spacing-10 u-text-white u-gallery-nav-1\" href=\"#\" role=\"button\">\n            <span aria-hidden=\"true\">\n              <svg viewBox=\"0 0 451.847 451.847\"><path d=\"M97.141,225.92c0-8.095,3.091-16.192,9.259-22.366L300.689,9.27c12.359-12.359,32.397-12.359,44.751,0\nc12.354,12.354,12.354,32.388,0,44.748L173.525,225.92l171.903,171.909c12.354,12.354,12.354,32.391,0,44.744\nc-12.354,12.365-32.386,12.365-44.745,0l-194.29-194.281C100.226,242.115,97.141,234.018,97.141,225.92z\"><\/path><\/svg>\n            <\/span>\n            <span class=\"sr-only\">\n              <svg viewBox=\"0 0 451.847 451.847\"><path d=\"M97.141,225.92c0-8.095,3.091-16.192,9.259-22.366L300.689,9.27c12.359-12.359,32.397-12.359,44.751,0\nc12.354,12.354,12.354,32.388,0,44.748L173.525,225.92l171.903,171.909c12.354,12.354,12.354,32.391,0,44.744\nc-12.354,12.365-32.386,12.365-44.745,0l-194.29-194.281C100.226,242.115,97.141,234.018,97.141,225.92z\"><\/path><\/svg>\n            <\/span>\n          <\/a>\n          <a class=\"u-absolute-vcenter u-gallery-nav u-gallery-nav-next u-grey-70 u-icon-circle u-opacity u-opacity-70 u-spacing-10 u-text-white u-gallery-nav-2\" href=\"#\" role=\"button\">\n            <span aria-hidden=\"true\">\n              <svg viewBox=\"0 0 451.846 451.847\"><path d=\"M345.441,248.292L151.154,442.573c-12.359,12.365-32.397,12.365-44.75,0c-12.354-12.354-12.354-32.391,0-44.744\nL278.318,225.92L106.409,54.017c-12.354-12.359-12.354-32.394,0-44.748c12.354-12.359,32.391-12.359,44.75,0l194.287,194.284\nc6.177,6.18,9.262,14.271,9.262,22.366C354.708,234.018,351.617,242.115,345.441,248.292z\"><\/path><\/svg>\n            <\/span>\n            <span class=\"sr-only\">\n              <svg viewBox=\"0 0 451.846 451.847\"><path d=\"M345.441,248.292L151.154,442.573c-12.359,12.365-32.397,12.365-44.75,0c-12.354-12.354-12.354-32.391,0-44.744\nL278.318,225.92L106.409,54.017c-12.354-12.359-12.354-32.394,0-44.748c12.354-12.359,32.391-12.359,44.75,0l194.287,194.284\nc6.177,6.18,9.262,14.271,9.262,22.366C354.708,234.018,351.617,242.115,345.441,248.292z\"><\/path><\/svg>\n            <\/span>\n          <\/a>\n        <\/div>\n      <\/div>\n    <\/section>\n    <section class=\"u-clearfix u-section-3\" id=\"sec-9003\">\n      <div class=\"u-clearfix u-sheet u-sheet-1\">\n        <div class=\"u-expanded-width-sm u-expanded-width-xs u-grey-light-2 u-map u-map-1\">\n          <div class=\"embed-responsive\">\n            <iframe class=\"embed-responsive-item\" src=\"https:\/\/www.google.com\/maps\/embed?pb=!1m18!1m12!1m3!1d548.1779052732057!2d16.603067399943072!3d49.18939917232175!2m3!1f0!2f0!3f0!3m2!1i1024!2i768!4f13.1!3m3!1m2!1s0x471295bb94c053bd%3A0x7d0a76587795e085!2sBODY%20CLUB%20Brno!5e0!3m2!1scs!2scz!4v1663530688043!5m2!1scs!2scz\" data-map=\"JTdCJTIycG9zaXRpb25UeXBlJTIyJTNBJTIybWFwLWVtYmVkJTIyJTJDJTIyYWRkcmVzcyUyMiUzQSUyMkh5YmUlQzUlQTFvdmElMjAzMCUyQyUyMEJybm8tU3QlQzUlOTllZCUyMDYwMiUyMDAwJTIyJTJDJTIyem9vbSUyMiUzQTE5JTJDJTIydHlwZUlkJTIyJTNBJTIycm9hZCUyMiUyQyUyMmxhbmclMjIlM0ElMjJjcyUyMiUyQyUyMmFwaUtleSUyMiUzQW51bGwlMkMlMjJtYXJrZXJzJTIyJTNBJTVCJTVEJTJDJTIyZW1iZWQlMjIlM0ElMjJodHRwcyUzQSUyRiUyRnd3dy5nb29nbGUuY29tJTJGbWFwcyUyRmVtYmVkJTNGcGIlM0QhMW0xOCExbTEyITFtMyExZDU0OC4xNzc5MDUyNzMyMDU3ITJkMTYuNjAzMDY3Mzk5OTQzMDcyITNkNDkuMTg5Mzk5MTcyMzIxNzUhMm0zITFmMCEyZjAhM2YwITNtMiExaTEwMjQhMmk3NjghNGYxMy4xITNtMyExbTIhMXMweDQ3MTI5NWJiOTRjMDUzYmQlMjUzQTB4N2QwYTc2NTg3Nzk1ZTA4NSEyc0JPRFklMjUyMENMVUIlMjUyMEJybm8hNWUwITNtMiExc2NzITJzY3ohNHYxNjYzNTMwNjg4MDQzITVtMiExc2NzITJzY3olMjIlN0Q=\"><\/iframe>\n          <\/div>\n        <\/div>\n        <h1 class=\"u-custom-font u-text u-text-custom-color-1 u-text-default-lg u-text-default-md u-text-default-sm u-text-default-xl u-text-font u-text-1\">BODY CLUB BRNO<br>\n          <span style=\"font-weight: 400; font-size: 1rem;\">\n            <br>Hybe\u0161ova 30<br>Brno-st\u0159ed&nbsp; 602 00<br>+<span style=\"font-weight: 700;\">420 608 271 747<\/span>\n            <span style=\"font-weight: 700;\">&nbsp;- STUDIO<\/span>\n          <\/span>\n          <br>\n          <span style=\"font-weight: 400; font-size: 1rem;\">brno@body-club.cz<\/span>\n          <br>\n          <br>\n          <span style=\"font-weight: 400; font-size: 1rem;\">\n            <span style=\"font-weight: 700;\">OTEV\u00cdRAC\u00cd DOBA DLE OBJEDN\u00c1N\u00cd<\/span>\n            <br>Vyhrazen\u00e1 podzemn\u00ed&nbsp; parkovac\u00ed m\u00edsta pro na\u0161e klienty\n          <\/span>\n          <br>\n        <\/h1>\n        <div class=\"u-clearfix u-custom-html u-custom-html-1\"><!-- inserted reservanto code -->\n          <div class=\"reservanto-widget\" data-text=\"BODY CLUB Brno\" data-id=\"21414\" data-color-text=\"#ffffff\" data-color-text-shadow=\"#2b6cc0\" data-color-bg=\"#399cd1\" data-color-bg-hover=\"#2aabeb\" data-color-boxshadow=\"#2282b5\" data-locationid=\"21369\" data-locationids=\"21369\"><\/div>\n          <script defer=\"defer\" id=\"reservanto-widget-script\" type=\"text\/javascript\" src=\"https:\/\/booking.reservanto.cz\/Script\/reservanto-script.js?id=21414\"><\/script><!-- end of inserted reservanto code -->\n        <\/div>\n      <\/div>\n    <\/section>\n    <section class=\"u-clearfix u-section-4\" id=\"sec-d15d\">\n      <div class=\"u-clearfix u-sheet u-sheet-1\">\n        <p class=\"u-text u-text-custom-color-1 u-text-default u-text-1\">P\u0159\u00edjm\u00e1me platebn\u00ed a benefitn\u00ed karty.<\/p>\n        <div class=\"u-list u-list-1\">\n          <div class=\"u-repeater u-repeater-1\">\n            <div class=\"u-align-center u-container-style u-list-item u-repeater-item\">\n              <div class=\"u-container-layout u-similar-container u-valign-middle u-container-layout-1\">\n                <img decoding=\"async\" class=\"u-expanded-width u-image u-image-default u-preserve-proportions u-image-1\" src=\"https:\/\/www.body-club.cz\/wp-content\/uploads\/2023\/04\/312910679_639180044343202_8738099970165523668_n.png\" alt=\"\" data-image-width=\"632\" data-image-height=\"632\">\n              <\/div>\n            <\/div>\n            <div class=\"u-align-center u-container-style u-list-item u-repeater-item\">\n              <div class=\"u-container-layout u-similar-container u-valign-middle u-container-layout-2\">\n                <img decoding=\"async\" class=\"u-expanded-width u-image u-image-default u-preserve-proportions u-image-2\" src=\"https:\/\/www.body-club.cz\/wp-content\/uploads\/2023\/04\/Sodexo_logo.jpg\" alt=\"\" data-image-width=\"1155\" data-image-height=\"373\">\n              <\/div>\n            <\/div>\n            <div class=\"u-align-center u-container-style u-list-item u-repeater-item\">\n              <div class=\"u-container-layout u-similar-container u-valign-middle u-container-layout-3\">\n                <img decoding=\"async\" class=\"u-expanded-width u-image u-image-default u-preserve-proportions u-image-3\" src=\"https:\/\/www.body-club.cz\/wp-content\/uploads\/2023\/04\/1200px-Edenred.jpg\" alt=\"\" data-image-width=\"1200\" data-image-height=\"771\">\n              <\/div>\n            <\/div>\n            <div class=\"u-align-center u-container-style u-list-item u-repeater-item\">\n              <div class=\"u-container-layout u-similar-container u-valign-middle u-container-layout-4\">\n                <img decoding=\"async\" class=\"u-expanded-width u-image u-image-default u-preserve-proportions u-image-4\" src=\"https:\/\/www.body-club.cz\/wp-content\/uploads\/2023\/04\/UP-logo-RGB-R-2.png\" alt=\"\" data-image-width=\"1065\" data-image-height=\"1065\">\n              <\/div>\n            <\/div>\n          <\/div>\n        <\/div>\n      <\/div>\n    <\/section>\n    <section class=\"u-clearfix u-section-5\" id=\"sec-9dfc\">\n      <div class=\"u-clearfix u-sheet u-valign-middle u-sheet-1\">\n        <img decoding=\"async\" class=\"u-expanded-width u-image u-image-default u-image-1\" src=\"http:\/\/www.body-club.cz\/wp-content\/uploads\/2022\/09\/bodyclub-pozadi.png\" alt=\"\" data-image-width=\"1440\" data-image-height=\"130\">\n        <div class=\"u-carousel u-gallery u-gallery-slider u-layout-carousel u-lightbox u-no-transition u-show-text-none u-gallery-1\" data-interval=\"5000\" data-u-ride=\"carousel\" id=\"carousel-dbd3\">\n          <ol class=\"u-absolute-hcenter u-carousel-indicators u-carousel-indicators-1\">\n            <li data-u-target=\"#carousel-dbd3\" data-u-slide-to=\"0\" class=\"u-active u-active-custom-color-1 u-custom-color-2 u-shape-circle\" style=\"width: 10px; height: 10px;\"><\/li>\n            <li data-u-target=\"#carousel-dbd3\" data-u-slide-to=\"1\" class=\"u-active-custom-color-1 u-custom-color-2 u-shape-circle\" style=\"width: 10px; height: 10px;\"><\/li>\n            <li data-u-target=\"#carousel-dbd3\" data-u-slide-to=\"2\" class=\"u-active-custom-color-1 u-custom-color-2 u-shape-circle\" style=\"width: 10px; height: 10px;\"><\/li>\n            <li data-u-target=\"#carousel-dbd3\" data-u-slide-to=\"3\" class=\"u-active-custom-color-1 u-custom-color-2 u-shape-circle\" style=\"width: 10px; height: 10px;\"><\/li>\n            <li data-u-target=\"#carousel-dbd3\" data-u-slide-to=\"4\" class=\"u-active-custom-color-1 u-custom-color-2 u-shape-circle\" style=\"width: 10px; height: 10px;\"><\/li>\n          <\/ol>\n          <div class=\"u-carousel-inner u-gallery-inner\" role=\"listbox\">\n            <div class=\"u-active u-carousel-item u-gallery-item u-carousel-item-1\">\n              <div class=\"u-back-slide\" data-image-width=\"1200\" data-image-height=\"1600\">\n                <img decoding=\"async\" class=\"u-back-image u-expanded u-image-contain u-back-image-1\" src=\"https:\/\/www.body-club.cz\/wp-content\/uploads\/2023\/01\/WhatsAppImage2023-01-02at16.35.362.jpeg\">\n              <\/div>\n              <div class=\"u-align-center u-over-slide u-shading u-valign-bottom u-over-slide-1\">\n                <h3 class=\"u-gallery-heading\">N\u00e1zev vzorku<\/h3>\n                <p class=\"u-gallery-text\">Uk\u00e1zka textu<\/p>\n              <\/div>\n            <\/div>\n            <div class=\"u-carousel-item u-gallery-item u-carousel-item-2\">\n              <div class=\"u-back-slide\" data-image-width=\"1440\" data-image-height=\"1920\">\n                <img decoding=\"async\" class=\"u-back-image u-expanded u-image-contain\" src=\"http:\/\/www.body-club.cz\/wp-content\/uploads\/2022\/09\/brno11.jpg\">\n              <\/div>\n              <div class=\"u-align-center u-over-slide u-shading u-valign-bottom u-over-slide-2\">\n                <h3 class=\"u-gallery-heading\">N\u00e1zev vzorku<\/h3>\n                <p class=\"u-gallery-text\">Uk\u00e1zka textu<\/p>\n              <\/div>\n            <\/div>\n            <div class=\"u-carousel-item u-gallery-item u-carousel-item-3\" data-image-width=\"2448\" data-image-height=\"3264\">\n              <div class=\"u-back-slide\" data-image-width=\"1200\" data-image-height=\"1600\">\n                <img decoding=\"async\" class=\"u-back-image u-expanded u-image-contain u-back-image-3\" src=\"https:\/\/www.body-club.cz\/wp-content\/uploads\/2023\/01\/WhatsAppImage2023-01-02at16.35.364.jpeg\">\n              <\/div>\n              <div class=\"u-align-center u-over-slide u-shading u-valign-bottom u-over-slide-3\">\n                <h3 class=\"u-gallery-heading\"><\/h3>\n                <p class=\"u-gallery-text\"><\/p>\n              <\/div>\n              <style data-mode=\"XL\"><\/style>\n              <style data-mode=\"LG\"><\/style>\n              <style data-mode=\"MD\"><\/style>\n              <style data-mode=\"SM\"><\/style>\n              <style data-mode=\"XS\" data-visited=\"true\"><\/style>\n            <\/div>\n            <div class=\"u-carousel-item u-gallery-item u-carousel-item-4\" data-image-width=\"1200\" data-image-height=\"1600\">\n              <div class=\"u-back-slide\">\n                <img decoding=\"async\" class=\"u-back-image u-expanded u-image-contain u-back-image-4\" src=\"https:\/\/www.body-club.cz\/wp-content\/uploads\/2023\/01\/WhatsAppImage2023-01-02at16.35.351.jpeg\">\n              <\/div>\n              <div class=\"u-align-center u-over-slide u-shading u-valign-bottom u-over-slide-4\">\n                <h3 class=\"u-gallery-heading\"><\/h3>\n                <p class=\"u-gallery-text\"><\/p>\n              <\/div>\n              <style data-mode=\"XL\"><\/style>\n              <style data-mode=\"LG\"><\/style>\n              <style data-mode=\"MD\"><\/style>\n              <style data-mode=\"SM\"><\/style>\n              <style data-mode=\"XS\" data-visited=\"true\"><\/style>\n            <\/div>\n            <div class=\"u-carousel-item u-gallery-item u-carousel-item-5\" data-image-width=\"1200\" data-image-height=\"1600\">\n              <div class=\"u-back-slide\" data-image-width=\"1200\" data-image-height=\"1600\">\n                <img decoding=\"async\" class=\"u-back-image u-expanded u-image-contain u-back-image-5\" src=\"https:\/\/www.body-club.cz\/wp-content\/uploads\/2023\/01\/WhatsAppImage2023-01-02at16.35.365.jpeg\">\n              <\/div>\n              <div class=\"u-align-center u-over-slide u-shading u-valign-bottom u-over-slide-5\">\n                <h3 class=\"u-gallery-heading\"><\/h3>\n                <p class=\"u-gallery-text\"><\/p>\n              <\/div>\n              <style data-mode=\"XL\"><\/style>\n              <style data-mode=\"LG\"><\/style>\n              <style data-mode=\"MD\"><\/style>\n              <style data-mode=\"SM\"><\/style>\n              <style data-mode=\"XS\" data-visited=\"true\"><\/style>\n            <\/div>\n          <\/div>\n          <a class=\"u-absolute-vcenter u-carousel-control u-carousel-control-prev u-opacity u-opacity-70 u-spacing-10 u-text-custom-color-2 u-carousel-control-1\" href=\"#carousel-dbd3\" role=\"button\" data-u-slide=\"prev\">\n            <span aria-hidden=\"true\">\n              <svg viewBox=\"0 0 8 8\"><path d=\"M5.25 0l-4 4 4 4 1.5-1.5-2.5-2.5 2.5-2.5-1.5-1.5z\"><\/path><\/svg>\n            <\/span>\n            <span class=\"sr-only\">\n              <svg viewBox=\"0 0 8 8\"><path d=\"M5.25 0l-4 4 4 4 1.5-1.5-2.5-2.5 2.5-2.5-1.5-1.5z\"><\/path><\/svg>\n            <\/span>\n          <\/a>\n          <a class=\"u-absolute-vcenter u-carousel-control u-carousel-control-next u-opacity u-opacity-70 u-spacing-10 u-text-custom-color-2 u-carousel-control-2\" href=\"#carousel-dbd3\" role=\"button\" data-u-slide=\"next\">\n            <span aria-hidden=\"true\">\n              <svg viewBox=\"0 0 8 8\"><path d=\"M2.75 0l-1.5 1.5 2.5 2.5-2.5 2.5 1.5 1.5 4-4-4-4z\"><\/path><\/svg>\n            <\/span>\n            <span class=\"sr-only\">\n              <svg viewBox=\"0 0 8 8\"><path d=\"M2.75 0l-1.5 1.5 2.5 2.5-2.5 2.5 1.5 1.5 4-4-4-4z\"><\/path><\/svg>\n            <\/span>\n          <\/a>\n        <\/div>\n      <\/div>\n    <\/section>\n    \n    \n  \n","protected":false},"excerpt":{"rendered":"<p>NA\u0160E STUDIA V \u010cESK\u00c9 REPUBLICE PRAHA BRNO PLZE\u0147 OSTRAVA OLOMOUC FR\u00ddDEK-M\u00cdSTEK HAV\u00cd\u0158OV T\u0158INEC PRAHA BRNO PLZE\u0147 OSTRAVA OLOMOUC FR\u00ddDEK-M\u00cdSTEK HAV\u00cd\u0158OV T\u0158INEC BODY CLUB BRNO Hybe\u0161ova 30Brno-st\u0159ed&nbsp; 602 00+420 608 271 747 &nbsp;&#8211; STUDIO brno@body-club.cz OTEV\u00cdRAC\u00cd DOBA DLE OBJEDN\u00c1N\u00cd Vyhrazen\u00e1 podzemn\u00ed&nbsp; parkovac\u00ed m\u00edsta pro na\u0161e klienty P\u0159\u00edjm\u00e1me platebn\u00ed a benefitn\u00ed karty. N\u00e1zev vzorku Uk\u00e1zka textu N\u00e1zev &hellip; <a href=\"https:\/\/www.body-club.cz\/?page_id=89\" class=\"more-link\">Continue reading<span class=\"screen-reader-text\"> &#8222;BODY CLUB Brno&#8220;<\/span><\/a><\/p>\n","protected":false},"author":1,"featured_media":0,"parent":0,"menu_order":1,"comment_status":"closed","ping_status":"closed","template":"","meta":{"footnotes":""},"class_list":["post-89","page","type-page","status-publish","hentry"],"_links":{"self":[{"href":"https:\/\/www.body-club.cz\/index.php?rest_route=\/wp\/v2\/pages\/89","targetHints":{"allow":["GET"]}}],"collection":[{"href":"https:\/\/www.body-club.cz\/index.php?rest_route=\/wp\/v2\/pages"}],"about":[{"href":"https:\/\/www.body-club.cz\/index.php?rest_route=\/wp\/v2\/types\/page"}],"author":[{"embeddable":true,"href":"https:\/\/www.body-club.cz\/index.php?rest_route=\/wp\/v2\/users\/1"}],"replies":[{"embeddable":true,"href":"https:\/\/www.body-club.cz\/index.php?rest_route=%2Fwp%2Fv2%2Fcomments&post=89"}],"version-history":[{"count":21,"href":"https:\/\/www.body-club.cz\/index.php?rest_route=\/wp\/v2\/pages\/89\/revisions"}],"predecessor-version":[{"id":2045,"href":"https:\/\/www.body-club.cz\/index.php?rest_route=\/wp\/v2\/pages\/89\/revisions\/2045"}],"wp:attachment":[{"href":"https:\/\/www.body-club.cz\/index.php?rest_route=%2Fwp%2Fv2%2Fmedia&parent=89"}],"curies":[{"name":"wp","href":"https:\/\/api.w.org\/{rel}","templated":true}]}}