{"id":237,"date":"2022-09-20T23:23:34","date_gmt":"2022-09-20T23:23:34","guid":{"rendered":"https:\/\/www.body-club.cz\/?page_id=237"},"modified":"2024-11-01T08:36:00","modified_gmt":"2024-11-01T08:36:00","slug":"havirov-3","status":"publish","type":"page","link":"https:\/\/www.body-club.cz\/?page_id=237","title":{"rendered":"Body Club &#8211; Fran\u0161\u00edza"},"content":{"rendered":"\n    \n    <section class=\"u-align-center u-clearfix u-section-2\" id=\"sec-eb45\">\n      <div class=\"u-clearfix u-sheet u-sheet-1\">\n        <img decoding=\"async\" class=\"u-expanded-width u-image u-image-default u-image-1\" src=\"https:\/\/www.body-club.cz\/wp-content\/uploads\/2024\/04\/Bez-nzvu-1-4-5-5-1-1.png\" alt=\"\" data-image-width=\"1440\" data-image-height=\"130\">\n        <h1 class=\"u-custom-font u-text u-text-default u-text-font u-text-1\" data-lang-cz=\"<span class=&quot;u-text-custom-color-1&quot;>NA\u0160E STUDIA V \u010cESK\u00c9 REPUBLICE<\/span><span class=&quot;u-text-custom-color-1&quot;>\u200b<\/span>\">\n          <span class=\"u-text-custom-color-1\">NA\u0160E STUDIA V \u010cESK\u00c9 REPUBLICE<\/span>\n          <span class=\"u-text-custom-color-1\"><\/span>\n        <\/h1>\n        <div class=\"u-expanded-width u-hidden-md u-hidden-sm u-hidden-xs u-layout-grid u-list u-list-1\">\n          <div class=\"u-repeater u-repeater-1\">\n            <div class=\"u-container-style u-list-item u-repeater-item u-shape-rectangle\">\n              <div class=\"u-container-layout u-similar-container u-valign-middle u-container-layout-1\">\n                <a href=\"https:\/\/www.body-club.cz\/?page_id=98\" class=\"u-align-center u-border-1 u-border-active-palette-2-base u-border-hover-palette-1-base u-border-no-left u-border-no-right u-border-no-top u-btn u-button-style u-none u-text-palette-1-base u-btn-1\">PRAHA<\/a>\n              <\/div>\n            <\/div>\n            <div class=\"u-container-style u-list-item u-repeater-item u-shape-rectangle\">\n              <div class=\"u-container-layout u-similar-container u-valign-middle u-container-layout-2\">\n                <a href=\"https:\/\/www.body-club.cz\/?page_id=89\" class=\"u-align-center u-border-1 u-border-active-palette-2-base u-border-hover-palette-1-base u-border-no-left u-border-no-right u-border-no-top u-btn u-button-style u-none u-text-palette-1-base u-btn-2\">BRNO<\/a>\n              <\/div>\n            <\/div>\n            <div class=\"u-container-style u-list-item u-repeater-item u-shape-rectangle\">\n              <div class=\"u-container-layout u-similar-container u-valign-middle u-container-layout-3\">\n                <a href=\"https:\/\/www.body-club.cz\/?page_id=227\" class=\"u-align-center u-border-1 u-border-active-palette-2-base u-border-hover-palette-1-base u-border-no-left u-border-no-right u-border-no-top u-btn u-button-style u-none u-text-palette-1-base u-btn-3\">PLZE\u0147<\/a>\n              <\/div>\n            <\/div>\n            <div class=\"u-container-style u-list-item u-repeater-item u-shape-rectangle\">\n              <div class=\"u-container-layout u-similar-container u-valign-middle u-container-layout-4\">\n                <a href=\"https:\/\/www.body-club.cz\/?page_id=95\" class=\"u-align-center u-border-1 u-border-active-palette-2-base u-border-hover-palette-1-base u-border-no-left u-border-no-right u-border-no-top u-btn u-button-style u-none u-text-palette-1-base u-btn-4\">OSTRAVA<br>\n                <\/a>\n              <\/div>\n            <\/div>\n            <div class=\"u-container-style u-list-item u-repeater-item u-shape-rectangle\">\n              <div class=\"u-container-layout u-similar-container u-valign-middle u-container-layout-5\">\n                <a href=\"https:\/\/www.body-club.cz\/?page_id=90\" class=\"u-align-center u-border-1 u-border-active-palette-2-base u-border-hover-palette-1-base u-border-no-left u-border-no-right u-border-no-top u-btn u-button-style u-none u-text-palette-1-base u-btn-5\">OLOMOUC<\/a>\n              <\/div>\n            <\/div>\n            <div class=\"u-container-style u-list-item u-repeater-item u-shape-rectangle\">\n              <div class=\"u-container-layout u-similar-container u-valign-middle u-container-layout-6\">\n                <a href=\"https:\/\/www.body-club.cz\/?page_id=97\" class=\"u-align-center u-border-1 u-border-active-palette-2-base u-border-hover-palette-1-base u-border-no-left u-border-no-right u-border-no-top u-btn u-button-style u-none u-text-palette-1-base u-btn-6\">FR\u00ddDEK-<br>M\u00cdSTEK\n                <\/a>\n              <\/div>\n            <\/div>\n            <div class=\"u-container-style u-list-item u-repeater-item u-shape-rectangle\">\n              <div class=\"u-container-layout u-similar-container u-valign-middle u-container-layout-7\">\n                <a href=\"https:\/\/www.body-club.cz\/?page_id=99\" class=\"u-align-center u-border-1 u-border-active-palette-2-base u-border-hover-palette-1-base u-border-no-left u-border-no-right u-border-no-top u-btn u-button-style u-none u-text-palette-1-base u-btn-7\">HAV\u00cd\u0158OV<\/a>\n              <\/div>\n            <\/div>\n            <div class=\"u-container-style u-list-item u-repeater-item u-shape-rectangle\">\n              <div class=\"u-container-layout u-similar-container u-valign-middle u-container-layout-8\">\n                <a href=\"https:\/\/www.body-club.cz\/?page_id=229\" class=\"u-align-center u-border-1 u-border-active-palette-2-base u-border-hover-palette-1-base u-border-no-left u-border-no-right u-border-no-top u-btn u-button-style u-none u-text-palette-1-base u-btn-8\">T\u0158INEC<\/a>\n              <\/div>\n            <\/div>\n          <\/div>\n        <\/div>\n        <div class=\"u-align-center-md u-align-center-sm u-align-center-xs u-expanded-width-lg u-hidden-lg u-hidden-xl u-layout-horizontal u-list u-list-2\">\n          <div class=\"u-repeater u-repeater-2\">\n            <div class=\"u-container-style u-list-item u-repeater-item u-shape-rectangle\">\n              <div class=\"u-container-layout u-similar-container u-valign-middle u-container-layout-9\">\n                <a href=\"https:\/\/www.body-club.cz\/?page_id=98\" class=\"u-align-center u-border-1 u-border-active-palette-2-base u-border-hover-palette-1-base u-border-no-left u-border-no-right u-border-no-top u-btn u-button-style u-none u-text-palette-1-base u-btn-9\">PRAHA<\/a>\n              <\/div>\n            <\/div>\n            <div class=\"u-container-style u-list-item u-repeater-item u-shape-rectangle\">\n              <div class=\"u-container-layout u-similar-container u-valign-middle u-container-layout-10\">\n                <a href=\"https:\/\/www.body-club.cz\/?page_id=89\" class=\"u-align-center u-border-1 u-border-active-palette-2-base u-border-hover-palette-1-base u-border-no-left u-border-no-right u-border-no-top u-btn u-button-style u-none u-text-palette-1-base u-btn-10\">BRNO<\/a>\n              <\/div>\n            <\/div>\n            <div class=\"u-container-style u-list-item u-repeater-item u-shape-rectangle\">\n              <div class=\"u-container-layout u-similar-container u-valign-middle u-container-layout-11\">\n                <a href=\"https:\/\/www.body-club.cz\/?page_id=227\" class=\"u-align-center u-border-1 u-border-active-palette-2-base u-border-hover-palette-1-base u-border-no-left u-border-no-right u-border-no-top u-btn u-button-style u-none u-text-palette-1-base u-btn-11\">PLZE\u0147<\/a>\n              <\/div>\n            <\/div>\n            <div class=\"u-container-style u-list-item u-repeater-item u-shape-rectangle\">\n              <div class=\"u-container-layout u-similar-container u-valign-middle u-container-layout-12\">\n                <a href=\"https:\/\/www.body-club.cz\/?page_id=95\" class=\"u-align-center u-border-1 u-border-active-palette-2-base u-border-hover-palette-1-base u-border-no-left u-border-no-right u-border-no-top u-btn u-button-style u-none u-text-palette-1-base u-btn-12\">OSTRAVA<br>\n                <\/a>\n              <\/div>\n            <\/div>\n            <div class=\"u-container-style u-list-item u-repeater-item u-shape-rectangle\">\n              <div class=\"u-container-layout u-similar-container u-valign-middle u-container-layout-13\">\n                <a href=\"https:\/\/www.body-club.cz\/?page_id=90\" class=\"u-align-center u-border-1 u-border-active-palette-2-base u-border-hover-palette-1-base u-border-no-left u-border-no-right u-border-no-top u-btn u-button-style u-none u-text-palette-1-base u-btn-13\">OLOMOUC<\/a>\n              <\/div>\n            <\/div>\n            <div class=\"u-container-style u-list-item u-repeater-item u-shape-rectangle\">\n              <div class=\"u-container-layout u-similar-container u-valign-middle u-container-layout-14\">\n                <a href=\"https:\/\/www.body-club.cz\/?page_id=97\" class=\"u-align-center u-border-1 u-border-active-palette-2-base u-border-hover-palette-1-base u-border-no-left u-border-no-right u-border-no-top u-btn u-button-style u-none u-text-palette-1-base u-btn-14\">FR\u00ddDEK-<br>M\u00cdSTEK\n                <\/a>\n              <\/div>\n            <\/div>\n            <div class=\"u-container-style u-list-item u-repeater-item u-shape-rectangle\">\n              <div class=\"u-container-layout u-similar-container u-valign-middle u-container-layout-15\">\n                <a href=\"https:\/\/www.body-club.cz\/?page_id=99\" class=\"u-align-center u-border-1 u-border-active-palette-2-base u-border-hover-palette-1-base u-border-no-left u-border-no-right u-border-no-top u-btn u-button-style u-none u-text-palette-1-base u-btn-15\">HAV\u00cd\u0158OV<\/a>\n              <\/div>\n            <\/div>\n            <div class=\"u-container-style u-list-item u-repeater-item u-shape-rectangle\">\n              <div class=\"u-container-layout u-similar-container u-valign-middle u-container-layout-16\">\n                <a href=\"https:\/\/www.body-club.cz\/?page_id=229\" class=\"u-align-center u-border-1 u-border-active-palette-2-base u-border-hover-palette-1-base u-border-no-left u-border-no-right u-border-no-top u-btn u-button-style u-none u-text-palette-1-base u-btn-16\">T\u0158INEC<\/a>\n              <\/div>\n            <\/div>\n          <\/div>\n          <a class=\"u-absolute-vcenter u-gallery-nav u-gallery-nav-prev u-grey-70 u-icon-circle u-opacity u-opacity-70 u-spacing-10 u-text-white u-gallery-nav-1\" href=\"#\" role=\"button\">\n            <span aria-hidden=\"true\">\n              <svg viewBox=\"0 0 451.847 451.847\"><path d=\"M97.141,225.92c0-8.095,3.091-16.192,9.259-22.366L300.689,9.27c12.359-12.359,32.397-12.359,44.751,0\nc12.354,12.354,12.354,32.388,0,44.748L173.525,225.92l171.903,171.909c12.354,12.354,12.354,32.391,0,44.744\nc-12.354,12.365-32.386,12.365-44.745,0l-194.29-194.281C100.226,242.115,97.141,234.018,97.141,225.92z\"><\/path><\/svg>\n            <\/span>\n            <span class=\"sr-only\">\n              <svg viewBox=\"0 0 451.847 451.847\"><path d=\"M97.141,225.92c0-8.095,3.091-16.192,9.259-22.366L300.689,9.27c12.359-12.359,32.397-12.359,44.751,0\nc12.354,12.354,12.354,32.388,0,44.748L173.525,225.92l171.903,171.909c12.354,12.354,12.354,32.391,0,44.744\nc-12.354,12.365-32.386,12.365-44.745,0l-194.29-194.281C100.226,242.115,97.141,234.018,97.141,225.92z\"><\/path><\/svg>\n            <\/span>\n          <\/a>\n          <a class=\"u-absolute-vcenter u-gallery-nav u-gallery-nav-next u-grey-70 u-icon-circle u-opacity u-opacity-70 u-spacing-10 u-text-white u-gallery-nav-2\" href=\"#\" role=\"button\">\n            <span aria-hidden=\"true\">\n              <svg viewBox=\"0 0 451.846 451.847\"><path d=\"M345.441,248.292L151.154,442.573c-12.359,12.365-32.397,12.365-44.75,0c-12.354-12.354-12.354-32.391,0-44.744\nL278.318,225.92L106.409,54.017c-12.354-12.359-12.354-32.394,0-44.748c12.354-12.359,32.391-12.359,44.75,0l194.287,194.284\nc6.177,6.18,9.262,14.271,9.262,22.366C354.708,234.018,351.617,242.115,345.441,248.292z\"><\/path><\/svg>\n            <\/span>\n            <span class=\"sr-only\">\n              <svg viewBox=\"0 0 451.846 451.847\"><path d=\"M345.441,248.292L151.154,442.573c-12.359,12.365-32.397,12.365-44.75,0c-12.354-12.354-12.354-32.391,0-44.744\nL278.318,225.92L106.409,54.017c-12.354-12.359-12.354-32.394,0-44.748c12.354-12.359,32.391-12.359,44.75,0l194.287,194.284\nc6.177,6.18,9.262,14.271,9.262,22.366C354.708,234.018,351.617,242.115,345.441,248.292z\"><\/path><\/svg>\n            <\/span>\n          <\/a>\n        <\/div>\n      <\/div>\n    <\/section>\n    <section class=\"u-align-left u-clearfix u-section-3\" id=\"sec-d974\">\n      <div class=\"u-clearfix u-sheet u-valign-middle-lg u-valign-middle-md u-valign-middle-sm u-valign-middle-xl u-sheet-1\">\n        <div class=\"fr-view u-clearfix u-rich-text u-text u-text-1\">\n          <h1 style=\"text-align: center;\">OTEV\u0158ETE VLASTN\u00cd STUDIO BODY CLUB<\/h1>\n          <p>\n            <br>\n          <\/p>\n          <p id=\"isPasted\">\n            <span style=\"font-size: 1.125rem; font-style: italic; font-weight: 700;\">Ve\u010fte sv\u00e9 vlastn\u00ed studio EMS tr\u00e9nink\u016f ve fran\u0161\u00edzov\u00e9m modelu.<\/span>\n          <\/p>\n          <p>\n            <span style=\"font-size: 1.125rem; font-style: italic; font-weight: 700;\">EMS studio veden\u00e9 dle fran\u0161\u00edzov\u00fdch podm\u00ednek je promy\u0161len\u00fdm zp\u016fsobem na eliminaci vysok\u00fdch bari\u00e9r vstupu na trh a umo\u017e\u0148uje tak v\u00e9st podnik\u00e1n\u00ed s n\u00edzk\u00fdmi vlastn\u00edmi vstupn\u00edmi n\u00e1klady<\/span>\n            <span style=\"font-style: italic; font-weight: 700;\">. Ty se pohybuj\u00ed (v z\u00e1vislosti na n\u00e1ro\u010dnosti rekonstrukce vybran\u00e9ho prostoru) mezi 700 - 800 tis\u00edc k\u010d, s n\u00e1vratnost\u00ed investice mezi 6-12 m\u011bs\u00edci.<\/span>\n          <\/p>\n          <p>Povrchov\u00e1 plocha m\u00edstnosti od 80m2<\/p>\n          <p>N\u00edzk\u00e9 vlastn\u00ed n\u00e1klady odv\u00edjej\u00edc\u00ed se dle v\u00fdb\u011bru prostoru studia a n\u00e1ro\u010dnosti jeho p\u0159\u00edpravy.<\/p>\n          <p>Rad\u00edme ve v\u00fdb\u011bru vhodn\u00e9ho prostoru v\u010detn\u011b jeho um\u00edst\u011bn\u00ed, projektu, rekonstrukce, vybaven\u00ed a\u017e po otev\u0159en\u00ed.<\/p>\n          <p>Zp\u0159\u00edstupn\u00edme v\u00e1m marketingov\u00e9 materi\u00e1ly<\/p>\n          <p>Pod\u011bl\u00edme se s&nbsp;v\u00e1mi o na\u0161e znalosti z&nbsp;oblasti veden\u00ed podnik\u00e1n\u00ed a z\u00edsk\u00e1v\u00e1n\u00ed klient\u016f<\/p>\n          <p>Ud\u011bl\u00edme v\u00e1m neust\u00e1l\u00fd p\u0159\u00edstup k&nbsp;v\u011bdomostem z&nbsp;oblasti veden\u00ed EMS tr\u00e9nink\u016f<\/p>\n          <p>PODPORA, WEB, REZERVA\u010cN\u00cd SYST\u00c9M<\/p>\n          <p>MARKETING, V\u011aDOMOSTI A SPR\u00c1VA<\/p>\n          <p>Fran\u0161\u00edza je ov\u011b\u0159en\u00fdm zp\u016fsobem na bezpe\u010dn\u00e9 ulo\u017een\u00ed va\u0161eho vlastn\u00edho kapit\u00e1lu a hotov\u00fdm konceptem podnik\u00e1n\u00ed, zaru\u010duj\u00edc\u00ed rychlou n\u00e1vratnost investice. Jako poskytovatel fran\u0161\u00edzy v\u00e1m nab\u00edz\u00edme pln\u00e9 know-how a komplexn\u00ed podporu v ka\u017ed\u00e9 etap\u011b veden\u00ed studia.<\/p>\n          <blockquote>\n            <p id=\"isPasted\">\n              <span style=\"font-weight: 700; font-size: 1.125rem;\">P\u0159i spolupr\u00e1ci s n\u00e1mi z\u00edsk\u00e1te:<\/span>\n            <\/p>\n            <p>Pln\u00e9 marketingov\u00e9 z\u00e1zem\u00ed<\/p>\n            <p>Celost\u00e1tn\u00ed propaga\u010dn\u00ed kampa\u0148 a marketingov\u00e9 materi\u00e1ly<\/p>\n            <p>Hotov\u00e9 internetov\u00e9 str\u00e1nky va\u0161eho studia, kompaktn\u00ed se zna\u010dkou BODY CLUB impulse training<\/p>\n            <p>Grafick\u00e9 materi\u00e1ly&nbsp;<\/p>\n            <p>V\u011bcn\u00e9 znalosti:<\/p>\n            <p>Certifikovan\u00e1 \u0161kolen\u00ed tren\u00e9rsk\u00e9ho person\u00e1lu z teorie a praktick\u00e9ho veden\u00ed osobn\u00edch EMS tr\u00e9nink\u016f &nbsp; &nbsp; &nbsp; &nbsp; &nbsp; &nbsp; &nbsp; &nbsp; &nbsp;<\/p>\n            <p>\u00davodn\u00ed \u0161kolen\u00ed z&nbsp;veden\u00ed statick\u00e9ho a dynamick\u00e9ho tr\u00e9ninku<\/p>\n            <p>\u0160kolen\u00ed person\u00e1lu z&nbsp;oblasti obsluhy a udr\u017een\u00ed pr\u00e9miov\u00e9ho klienta<\/p>\n            <p>P\u0159\u00edprava na prvn\u00ed zku\u0161ebn\u00ed tr\u00e9nink s&nbsp;pr\u00e9miov\u00fdm klientem<\/p>\n            <p>Rezerva\u010dn\u00ed syst\u00e9m propojen\u00fd s webem.<\/p>\n            <p>Administrativn\u00ed podpora:<\/p>\n            <p>Komplexn\u00ed n\u00e1stroje pro veden\u00ed dokumentace:<\/p>\n            <p>podm\u00ednky spolupr\u00e1ce se studiem, osobn\u00ed dotazn\u00edky pro nov\u00e9 klienty, karta kontraindikac\u00ed k&nbsp;tr\u00e9ninku<\/p>\n            <p>Neust\u00e1l\u00e1 v\u011bcn\u00e1 praktick\u00e1 podpora v&nbsp;oblasti podnik\u00e1n\u00ed ze strany odborn\u00edk\u016f z&nbsp;rozsahu EMS tr\u00e9nink\u016f b\u011bhem trv\u00e1n\u00ed fran\u0161\u00edzov\u00e9 smlouvy<\/p>\n            <p>Pozv\u00e1n\u00ed k&nbsp;\u00fa\u010dasti na pravideln\u00fdch setk\u00e1n\u00edch majitel\u016f studi\u00ed BODY CLUB \u2013 u\u010dte se od nejlep\u0161\u00edch a rozv\u00edjejte tak sv\u00e9 studio!<\/p>\n            <p>Sta\u0148te se sou\u010d\u00e1st\u00ed s\u00edt\u00ed partnersk\u00fdch studi\u00ed!<\/p>\n          <\/blockquote>\n        <\/div>\n      <\/div>\n    <\/section>\n    <section class=\"u-clearfix u-section-4\" id=\"sec-5606\">\n      <div class=\"u-clearfix u-sheet u-valign-middle-md u-valign-middle-sm u-valign-middle-xs u-sheet-1\">\n        <p class=\"u-text u-text-default u-text-1\"><\/p>\n        <img decoding=\"async\" class=\"u-image u-image-round u-preserve-proportions u-radius-10 u-image-1\" src=\"http:\/\/www.body-club.cz\/wp-content\/uploads\/2022\/10\/3.png\" alt=\"\" data-image-width=\"1080\" data-image-height=\"1080\">\n      <\/div>\n    <\/section>\n    <section class=\"u-align-center u-clearfix u-section-5\" id=\"sec-571e\">\n      <div class=\"u-clearfix u-sheet u-sheet-1\">\n        <h2 class=\"u-text u-text-default u-text-1\">Pro v\u00edce informac\u00ed n\u00e1s kontaktujte<\/h2>\n        <div class=\"u-form u-form-1\">\n          <form action=\"https:\/\/www.body-club.cz\/wp-content\/plugins\/nicepage\/templates\/form.php?id=237&formId=571e\" class=\"u-clearfix u-form-spacing-10 u-form-vertical u-inner-form\" style=\"padding: 10px\" source=\"customphp\" name=\"form\" data-email=\"\">\n            <div class=\"u-form-group u-form-name u-label-none\">\n              <label for=\"name-3b9a\" class=\"u-label\">Name<\/label>\n              <input type=\"text\" placeholder=\"Va\u0161e jm\u00e9no\" id=\"name-3b9a\" name=\"name\" class=\"u-border-1 u-border-grey-30 u-input u-input-rectangle u-white\" required=\"\">\n            <\/div>\n            <div class=\"u-form-email u-form-group u-label-none\">\n              <label for=\"email-3b9a\" class=\"u-label\">Email<\/label>\n              <input type=\"email\" placeholder=\"Emailov\u00e1 adresa\" id=\"email-3b9a\" name=\"email\" class=\"u-border-1 u-border-grey-30 u-input u-input-rectangle u-white\" required=\"\">\n            <\/div>\n            <div class=\"u-form-group u-form-phone u-label-none u-form-group-3\">\n              <label for=\"phone-ee88\" class=\"u-label\">Phone<\/label>\n              <input type=\"tel\" pattern=\"\\+?\\d{0,3}[\\s\\(\\-]?([0-9]{2,3})[\\s\\)\\-]?([\\s\\-]?)([0-9]{3})[\\s\\-]?([0-9]{2})[\\s\\-]?([0-9]{2})\" placeholder=\"Telefonn\u00ed \u010d\u00edslo\" id=\"phone-ee88\" name=\"phone\" class=\"u-border-1 u-border-grey-30 u-input u-input-rectangle u-white\" required=\"\">\n            <\/div>\n            <div class=\"u-form-group u-form-message u-label-none\">\n              <label for=\"message-3b9a\" class=\"u-label\">Message<\/label>\n              <textarea placeholder=\"Zanechte n\u00e1m zpr\u00e1vu\" rows=\"4\" cols=\"50\" id=\"message-3b9a\" name=\"message\" class=\"u-border-1 u-border-grey-30 u-input u-input-rectangle u-white\" required=\"\"><\/textarea>\n            <\/div>\n            <div class=\"u-align-center u-form-group u-form-submit\">\n              <a href=\"#\" class=\"u-btn u-btn-submit u-button-style\">Odeslat<\/a>\n              <input type=\"submit\" value=\"submit\" class=\"u-form-control-hidden\">\n            <\/div>\n            <div class=\"u-form-send-message u-form-send-success\"> Thank you! Your message has been sent. <\/div>\n            <div class=\"u-form-send-error u-form-send-message\"> Unable to send your message. Please fix errors then try again. <\/div>\n            <input type=\"hidden\" value=\"\" name=\"recaptchaResponse\">\n          <\/form>\n        <\/div>\n      <\/div>\n    <\/section>\n    <section class=\"u-clearfix u-section-6\" id=\"sec-cc73\">\n      <div class=\"u-clearfix u-sheet u-sheet-1\"><\/div>\n    <\/section>\n    \n    \n  \n","protected":false},"excerpt":{"rendered":"<p>NA\u0160E STUDIA V \u010cESK\u00c9 REPUBLICE PRAHA BRNO PLZE\u0147 OSTRAVA OLOMOUC FR\u00ddDEK-M\u00cdSTEK HAV\u00cd\u0158OV T\u0158INEC PRAHA BRNO PLZE\u0147 OSTRAVA OLOMOUC FR\u00ddDEK-M\u00cdSTEK HAV\u00cd\u0158OV T\u0158INEC OTEV\u0158ETE VLASTN\u00cd STUDIO BODY CLUB Ve\u010fte sv\u00e9 vlastn\u00ed studio EMS tr\u00e9nink\u016f ve fran\u0161\u00edzov\u00e9m modelu. EMS studio veden\u00e9 dle fran\u0161\u00edzov\u00fdch podm\u00ednek je promy\u0161len\u00fdm zp\u016fsobem na eliminaci vysok\u00fdch bari\u00e9r vstupu na trh a umo\u017e\u0148uje tak v\u00e9st &hellip; <a href=\"https:\/\/www.body-club.cz\/?page_id=237\" class=\"more-link\">Continue reading<span class=\"screen-reader-text\"> &#8222;Body Club &#8211; Fran\u0161\u00edza&#8220;<\/span><\/a><\/p>\n","protected":false},"author":1,"featured_media":0,"parent":0,"menu_order":11,"comment_status":"closed","ping_status":"closed","template":"","meta":{"footnotes":""},"class_list":["post-237","page","type-page","status-publish","hentry"],"_links":{"self":[{"href":"https:\/\/www.body-club.cz\/index.php?rest_route=\/wp\/v2\/pages\/237","targetHints":{"allow":["GET"]}}],"collection":[{"href":"https:\/\/www.body-club.cz\/index.php?rest_route=\/wp\/v2\/pages"}],"about":[{"href":"https:\/\/www.body-club.cz\/index.php?rest_route=\/wp\/v2\/types\/page"}],"author":[{"embeddable":true,"href":"https:\/\/www.body-club.cz\/index.php?rest_route=\/wp\/v2\/users\/1"}],"replies":[{"embeddable":true,"href":"https:\/\/www.body-club.cz\/index.php?rest_route=%2Fwp%2Fv2%2Fcomments&post=237"}],"version-history":[{"count":11,"href":"https:\/\/www.body-club.cz\/index.php?rest_route=\/wp\/v2\/pages\/237\/revisions"}],"predecessor-version":[{"id":1936,"href":"https:\/\/www.body-club.cz\/index.php?rest_route=\/wp\/v2\/pages\/237\/revisions\/1936"}],"wp:attachment":[{"href":"https:\/\/www.body-club.cz\/index.php?rest_route=%2Fwp%2Fv2%2Fmedia&parent=237"}],"curies":[{"name":"wp","href":"https:\/\/api.w.org\/{rel}","templated":true}]}}