{"id":232,"date":"2022-09-20T23:23:29","date_gmt":"2022-09-20T23:23:29","guid":{"rendered":"https:\/\/www.body-club.cz\/?page_id=232"},"modified":"2024-01-10T08:35:00","modified_gmt":"2024-01-10T08:35:00","slug":"kontakty-2","status":"publish","type":"page","link":"https:\/\/www.body-club.cz\/?page_id=232","title":{"rendered":"BC &#8211; Ochrana osobn\u00edch \u00fadaj\u016f"},"content":{"rendered":"\n    \n    <section class=\"u-clearfix u-section-2\" id=\"sec-57f1\">\n      <div class=\"u-clearfix u-sheet u-valign-middle-lg u-valign-middle-md u-sheet-1\">\n        <h1 class=\"u-custom-font u-text u-text-custom-color-1 u-text-default u-text-font u-text-1\"> Ochrana osobn\u00edch \u00fadaj\u016f<\/h1>\n        <p class=\"u-text u-text-2\"> Souhlas\u00edm s t\u00edm, aby spole\u010dnost&nbsp;MEON EMS Praha s.r.o., I\u010c: 17257131, e-mail: info@body-club.cz (d\u00e1le jen\n\"spr\u00e1vce\") zpracov\u00e1vala m\u00e9 osobn\u00ed \u00fadaje, kter\u00e9 jsou uvedeny n\u00ed\u017ee, a\nto pro marketingov\u00e9 \u00fa\u010dely spr\u00e1vce, spo\u010d\u00edvaj\u00edc\u00ed zejm\u00e9na v nab\u00edzen\u00ed v\u00fdrobk\u016f a\nslu\u017eeb (a\u0165 ji\u017e vlastn\u00edch \u010di ciz\u00edch) prost\u0159ednictv\u00edm zas\u00edl\u00e1n\u00ed informac\u00ed o\nnovink\u00e1ch, akc\u00edch a slev\u00e1ch (max. 1x m\u011bs\u00ed\u010dn\u011b), a\u0165 ji\u017e jsou tyto marketingov\u00e9\n\u00fa\u010dely realizov\u00e1ny jak spr\u00e1vcem, tak subjekty, kter\u00e9 jsou v\u016f\u010di spr\u00e1vci osobami\novl\u00e1dan\u00fdmi stejnou ovl\u00e1daj\u00edc\u00ed osobou jako spr\u00e1vce ve smyslu z\u00e1k. \u010d. 90\/2012\nSb., z\u00e1k. o obchodn\u00edch korporac\u00edch (d\u00e1le jen \"propojen\u00e9 osoby\"), nebo\ndal\u0161\u00edmi subjekty, kter\u00e9 spr\u00e1vce realizac\u00ed t\u011bchto marketingov\u00fdch subjekt\u016f\npov\u011b\u0159\u00ed.\nOsobn\u00edmi \u00fadaji pro \u00fa\u010dely tohoto\ndokumentu se rozum\u00ed tyto \u00fadaje o m\u00e9 osob\u011b: jm\u00e9no, p\u0159\u00edjmen\u00ed, telefon, e-mailov\u00e1\nadresa.\nSouhlas\u00edm s t\u00edm, aby osobn\u00ed \u00fadaje\nzpracov\u00e1val spr\u00e1vce manu\u00e1ln\u011b i automaticky p\u0159\u00edmo prost\u0159ednictv\u00edm sv\u00fdch\nzam\u011bstnanc\u016f, p\u0159i\u010dem\u017e tento souhlas se vztahuje na ve\u0161ker\u00e9 \u010dinnosti zpracov\u00e1n\u00ed\nprov\u00e1d\u011bn\u00e9 pro shora uveden\u00e9 \u00fa\u010dely, tj. na jak\u00e9koliv operace nebo soubor operac\u00ed\ns osobn\u00edmi \u00fadaji nebo soubory osobn\u00edch \u00fadaj\u016f, kter\u00e9 jsou prov\u00e1d\u011bny pomoc\u00ed \u010di\nbez pomoci automatizovan\u00fdch postup\u016f, jako je shrom\u00e1\u017ed\u011bn\u00ed, zaznamen\u00e1n\u00ed,\nuspo\u0159\u00e1d\u00e1n\u00ed, strukturov\u00e1n\u00ed, ulo\u017een\u00ed, p\u0159izp\u016fsoben\u00ed nebo pozm\u011bn\u011bn\u00ed, vyhled\u00e1n\u00ed,\nnahl\u00e9dnut\u00ed, pou\u017eit\u00ed, zp\u0159\u00edstupn\u011bn\u00ed p\u0159enosem, \u0161\u00ed\u0159en\u00ed nebo jak\u00e9koliv jin\u00e9\nzp\u0159\u00edstupn\u011bn\u00ed, se\u0159azen\u00ed \u010di zkombinov\u00e1n\u00ed, omezen\u00ed, v\u00fdmaz nebo zni\u010den\u00ed.&nbsp;<br>\n          <br>\n          <span style=\"font-weight: 700;\">Beru z\u00e1rove\u0148 na v\u011bdom\u00ed, \u017ee m\u00e1m tato\npr\u00e1va:&nbsp;<\/span>\n          <br>&gt;&nbsp;pr\u00e1vo na p\u0159\u00edstup k osobn\u00edm\n\u00fadaj\u016fm, kter\u00e9 spo\u010d\u00edv\u00e1 v pr\u00e1vu z\u00edskat od spr\u00e1vce potvrzen\u00ed, zda osobn\u00ed \u00fadaje\njsou \u010di nejsou zpracov\u00e1v\u00e1ny, a pokud je tomu tak, m\u00e1m pr\u00e1vo z\u00edskat p\u0159\u00edstup k\nosobn\u00edm \u00fadaj\u016fm a k informac\u00edm uveden\u00fdm v obecn\u011b z\u00e1vazn\u00fdch pr\u00e1vn\u00edch p\u0159edpisech;\n&gt;&nbsp;pr\u00e1vo na opravu osobn\u00edch\n\u00fadaj\u016f, kter\u00e9 spo\u010d\u00edv\u00e1 v pr\u00e1vu na to, aby spr\u00e1vce bez zbyte\u010dn\u00e9ho odkladu opravil\nnep\u0159esn\u00e9 osobn\u00ed \u00fadaje a s p\u0159ihl\u00e9dnut\u00edm k \u00fa\u010del\u016fm zpracov\u00e1n\u00ed i pr\u00e1vo na dopln\u011bn\u00ed\nne\u00fapln\u00fdch osobn\u00edch \u00fadaj\u016f, a to i poskytnut\u00edm dodate\u010dn\u00e9ho prohl\u00e1\u0161en\u00ed;&nbsp;<br>&gt;&nbsp;pr\u00e1vo na v\u00fdmaz (\"pr\u00e1vo\nb\u00fdt zapomenut\"), spo\u010d\u00edvaj\u00edc\u00ed v pr\u00e1vu na to, aby spr\u00e1vce bez zbyte\u010dn\u00e9ho\nodkladu vymazal osobn\u00ed \u00fadaje, pokud je d\u00e1n n\u011bkter\u00fd z d\u016fvod\u016f uveden\u00fdch v obecn\u011b\nz\u00e1vazn\u00fdch pr\u00e1vn\u00edch p\u0159edpisech;&nbsp;<br>&gt;&nbsp;pr\u00e1vo na omezen\u00ed zpracov\u00e1n\u00ed;\n&gt;&nbsp;pr\u00e1vo na p\u0159enositelnost \u00fadaj\u016f,\nspo\u010d\u00edvaj\u00edc\u00ed v pr\u00e1vu z\u00edskat osobn\u00ed \u00fadaje ve strukturovan\u00e9m, b\u011b\u017en\u011b pou\u017e\u00edvan\u00e9m a\nstrojov\u011b \u010diteln\u00e9m form\u00e1tu, a pr\u00e1vo p\u0159edat tyto \u00fadaje jin\u00e9mu spr\u00e1vci, ani\u017e by\ntomu spr\u00e1vce, kter\u00e9mu byly osobn\u00ed \u00fadaje poskytnuty, br\u00e1nil, a to v p\u0159\u00edpad\u011b, \u017ee\nzpracov\u00e1n\u00ed je zalo\u017eeno na m\u00e9m souhlasu se zpracov\u00e1n\u00edm osobn\u00edch \u00fadaj\u016f a\nzpracov\u00e1n\u00ed se prov\u00e1d\u00ed automatizovan\u011b;&nbsp;<br>&gt;&nbsp;pr\u00e1vo vzn\u00e9st n\u00e1mitku proti\nzpracov\u00e1n\u00ed osobn\u00edch \u00fadaj\u016f z d\u016fvod\u016f t\u00fdkaj\u00edc\u00edch se m\u00e9 konkr\u00e9tn\u00ed situace&nbsp;<br>&gt;&nbsp;pr\u00e1vo odvolat sv\u016fj souhlas se\nzpracov\u00e1n\u00edm osobn\u00edch \u00fadaj\u016f, spo\u010d\u00edvaj\u00edc\u00ed v pr\u00e1vu sv\u016fj souhlas kdykoli odvolat, a\nto p\u00edsemn\u00fdm nebo e-mailov\u00fdm sd\u011blen\u00edm zaslan\u00fdm na adresu spr\u00e1vce.&nbsp;<br>\n          <br>D\u00e1le beru na v\u011bdom\u00ed pou\u010den\u00ed spr\u00e1vce o\ntom, \u017ee nejsem povinen\/povinna osobn\u00ed \u00fadaje spr\u00e1vci pro tyto \u00fa\u010dely poskytnout a\nv p\u0159\u00edpad\u011b, \u017ee je neposkytnu, nebude m\u00edt tato skute\u010dnost \u017e\u00e1dn\u00fd vliv na mo\u017enost\nuzav\u0159\u00edt smlouvu se spr\u00e1vcem, v jej\u00ed\u017e souvislosti tyto \u00fadaje spr\u00e1vci poskytuji.\nSv\u016fj souhlas se zpracov\u00e1n\u00edm osobn\u00edch\n\u00fadaj\u016f a skute\u010dnost, \u017ee jsem se sezn\u00e1mil\/a se sv\u00fdmi pr\u00e1vy a vzal\/a na v\u011bdom\u00ed\nshora uveden\u00e9 pou\u010den\u00ed spr\u00e1vce, vyjad\u0159uji kliknut\u00edm na pole (kolonku)\n\"Souhlas\u00edm se zpracov\u00e1n\u00edm osobn\u00edch \u00fadaj\u016f\", a to jej\u00edm za\u0161krtnut\u00edm,\nkter\u00e9 nahrazuje m\u016fj vlastnoru\u010dn\u00ed podpis.\n&nbsp;\n        <\/p>\n      <\/div>\n    <\/section>\n    \n    \n  \n","protected":false},"excerpt":{"rendered":"<p>Ochrana osobn\u00edch \u00fadaj\u016f Souhlas\u00edm s t\u00edm, aby spole\u010dnost&nbsp;MEON EMS Praha s.r.o., I\u010c: 17257131, e-mail: info@body-club.cz (d\u00e1le jen &#8222;spr\u00e1vce&#8220;) zpracov\u00e1vala m\u00e9 osobn\u00ed \u00fadaje, kter\u00e9 jsou uvedeny n\u00ed\u017ee, a to pro marketingov\u00e9 \u00fa\u010dely spr\u00e1vce, spo\u010d\u00edvaj\u00edc\u00ed zejm\u00e9na v nab\u00edzen\u00ed v\u00fdrobk\u016f a slu\u017eeb (a\u0165 ji\u017e vlastn\u00edch \u010di ciz\u00edch) prost\u0159ednictv\u00edm zas\u00edl\u00e1n\u00ed informac\u00ed o novink\u00e1ch, akc\u00edch a slev\u00e1ch (max. 1x m\u011bs\u00ed\u010dn\u011b), &hellip; <a href=\"https:\/\/www.body-club.cz\/?page_id=232\" class=\"more-link\">Continue reading<span class=\"screen-reader-text\"> &#8222;BC &#8211; Ochrana osobn\u00edch \u00fadaj\u016f&#8220;<\/span><\/a><\/p>\n","protected":false},"author":1,"featured_media":0,"parent":0,"menu_order":6,"comment_status":"closed","ping_status":"closed","template":"","meta":{"footnotes":""},"class_list":["post-232","page","type-page","status-publish","hentry"],"_links":{"self":[{"href":"https:\/\/www.body-club.cz\/index.php?rest_route=\/wp\/v2\/pages\/232","targetHints":{"allow":["GET"]}}],"collection":[{"href":"https:\/\/www.body-club.cz\/index.php?rest_route=\/wp\/v2\/pages"}],"about":[{"href":"https:\/\/www.body-club.cz\/index.php?rest_route=\/wp\/v2\/types\/page"}],"author":[{"embeddable":true,"href":"https:\/\/www.body-club.cz\/index.php?rest_route=\/wp\/v2\/users\/1"}],"replies":[{"embeddable":true,"href":"https:\/\/www.body-club.cz\/index.php?rest_route=%2Fwp%2Fv2%2Fcomments&post=232"}],"version-history":[{"count":5,"href":"https:\/\/www.body-club.cz\/index.php?rest_route=\/wp\/v2\/pages\/232\/revisions"}],"predecessor-version":[{"id":1695,"href":"https:\/\/www.body-club.cz\/index.php?rest_route=\/wp\/v2\/pages\/232\/revisions\/1695"}],"wp:attachment":[{"href":"https:\/\/www.body-club.cz\/index.php?rest_route=%2Fwp%2Fv2%2Fmedia&parent=232"}],"curies":[{"name":"wp","href":"https:\/\/api.w.org\/{rel}","templated":true}]}}