{"id":227,"date":"2022-09-20T23:23:24","date_gmt":"2022-09-20T23:23:24","guid":{"rendered":"https:\/\/www.body-club.cz\/?page_id=227"},"modified":"2026-04-14T19:49:29","modified_gmt":"2026-04-14T19:49:29","slug":"brno-3","status":"publish","type":"page","link":"https:\/\/www.body-club.cz\/?page_id=227","title":{"rendered":"BODY CLUB Plze\u0148"},"content":{"rendered":"\n    \n    <section class=\"u-align-center u-clearfix u-section-2\" id=\"sec-c3a2\">\n      <div class=\"u-clearfix u-sheet u-sheet-1\">\n        <img decoding=\"async\" class=\"u-expanded-width u-image u-image-default u-image-1\" src=\"https:\/\/www.body-club.cz\/wp-content\/uploads\/2024\/04\/Bez-nzvu-1-4-5-6.png\" alt=\"\" data-image-width=\"1440\" data-image-height=\"130\">\n        <h1 class=\"u-custom-font u-text u-text-default u-text-font u-text-1\" data-lang-cz=\"&lt;span class=&quot;u-text-custom-color-1&quot;&gt;NA\u0160E STUDIA V \u010cESK\u00c9 REPUBLICE&lt;\/span&gt;&lt;span class=&quot;u-text-custom-color-1&quot;&gt;\u200b&lt;\/span&gt;\">\n          <span class=\"u-text-custom-color-1\">NA\u0160E STUDIA V \u010cESK\u00c9 REPUBLICE<\/span>\n          <span class=\"u-text-custom-color-1\"><\/span>\n        <\/h1>\n        <div class=\"u-expanded-width u-hidden-md u-hidden-sm u-hidden-xs u-layout-grid u-list u-list-1\">\n          <div class=\"u-repeater u-repeater-1\">\n            <div class=\"u-container-style u-list-item u-repeater-item u-shape-rectangle\">\n              <div class=\"u-container-layout u-similar-container u-valign-middle u-container-layout-1\">\n                <a href=\"https:\/\/www.body-club.cz\/?page_id=98\" class=\"u-align-center u-border-1 u-border-active-palette-2-base u-border-hover-palette-1-base u-border-no-left u-border-no-right u-border-no-top u-btn u-button-style u-none u-text-palette-1-base u-btn-1\">PRAHA<\/a>\n              <\/div>\n            <\/div>\n            <div class=\"u-container-style u-list-item u-repeater-item u-shape-rectangle\">\n              <div class=\"u-container-layout u-similar-container u-valign-middle u-container-layout-2\">\n                <a href=\"https:\/\/www.body-club.cz\/?page_id=89\" class=\"u-align-center u-border-1 u-border-active-palette-2-base u-border-hover-palette-1-base u-border-no-left u-border-no-right u-border-no-top u-btn u-button-style u-none u-text-palette-1-base u-btn-2\">BRNO<\/a>\n              <\/div>\n            <\/div>\n            <div class=\"u-container-style u-list-item u-repeater-item u-shape-rectangle\">\n              <div class=\"u-container-layout u-similar-container u-valign-middle u-container-layout-3\">\n                <a href=\"https:\/\/www.body-club.cz\/?page_id=227\" class=\"u-align-center u-border-1 u-border-active-palette-2-base u-border-hover-palette-1-base u-border-no-left u-border-no-right u-border-no-top u-btn u-button-style u-none u-text-palette-1-base u-btn-3\">PLZE\u0147<\/a>\n              <\/div>\n            <\/div>\n            <div class=\"u-container-style u-list-item u-repeater-item u-shape-rectangle\">\n              <div class=\"u-container-layout u-similar-container u-valign-middle u-container-layout-4\">\n                <a href=\"https:\/\/www.body-club.cz\/?page_id=95\" class=\"u-align-center u-border-1 u-border-active-palette-2-base u-border-hover-palette-1-base u-border-no-left u-border-no-right u-border-no-top u-btn u-button-style u-none u-text-palette-1-base u-btn-4\">OSTRAVA<br>\n                <\/a>\n              <\/div>\n            <\/div>\n            <div class=\"u-container-style u-list-item u-repeater-item u-shape-rectangle\">\n              <div class=\"u-container-layout u-similar-container u-valign-middle u-container-layout-5\">\n                <a href=\"https:\/\/www.body-club.cz\/?page_id=90\" class=\"u-align-center u-border-1 u-border-active-palette-2-base u-border-hover-palette-1-base u-border-no-left u-border-no-right u-border-no-top u-btn u-button-style u-none u-text-palette-1-base u-btn-5\">OLOMOUC<\/a>\n              <\/div>\n            <\/div>\n            <div class=\"u-container-style u-list-item u-repeater-item u-shape-rectangle\">\n              <div class=\"u-container-layout u-similar-container u-valign-middle u-container-layout-6\">\n                <a href=\"https:\/\/www.body-club.cz\/?page_id=97\" class=\"u-align-center u-border-1 u-border-active-palette-2-base u-border-hover-palette-1-base u-border-no-left u-border-no-right u-border-no-top u-btn u-button-style u-none u-text-palette-1-base u-btn-6\">FR\u00ddDEK-<br>M\u00cdSTEK\n                <\/a>\n              <\/div>\n            <\/div>\n            <div class=\"u-container-style u-list-item u-repeater-item u-shape-rectangle\">\n              <div class=\"u-container-layout u-similar-container u-valign-middle u-container-layout-7\">\n                <a href=\"https:\/\/www.body-club.cz\/?page_id=99\" class=\"u-align-center u-border-1 u-border-active-palette-2-base u-border-hover-palette-1-base u-border-no-left u-border-no-right u-border-no-top u-btn u-button-style u-none u-text-palette-1-base u-btn-7\">HAV\u00cd\u0158OV<\/a>\n              <\/div>\n            <\/div>\n            <div class=\"u-container-style u-list-item u-repeater-item u-shape-rectangle\">\n              <div class=\"u-container-layout u-similar-container u-valign-middle u-container-layout-8\">\n                <a href=\"https:\/\/www.body-club.cz\/?page_id=229\" class=\"u-align-center u-border-1 u-border-active-palette-2-base u-border-hover-palette-1-base u-border-no-left u-border-no-right u-border-no-top u-btn u-button-style u-none u-text-palette-1-base u-btn-8\">T\u0158INEC<\/a>\n              <\/div>\n            <\/div>\n          <\/div>\n        <\/div>\n        <div class=\"u-align-center-md u-align-center-sm u-align-center-xs u-expanded-width-lg u-hidden-lg u-hidden-xl u-layout-horizontal u-list u-list-2\">\n          <div class=\"u-repeater u-repeater-2\">\n            <div class=\"u-container-style u-list-item u-repeater-item u-shape-rectangle\">\n              <div class=\"u-container-layout u-similar-container u-valign-middle u-container-layout-9\">\n                <a href=\"https:\/\/www.body-club.cz\/?page_id=98\" class=\"u-align-center u-border-1 u-border-active-palette-2-base u-border-hover-palette-1-base u-border-no-left u-border-no-right u-border-no-top u-btn u-button-style u-none u-text-palette-1-base u-btn-9\">PRAHA<\/a>\n              <\/div>\n            <\/div>\n            <div class=\"u-container-style u-list-item u-repeater-item u-shape-rectangle\">\n              <div class=\"u-container-layout u-similar-container u-valign-middle u-container-layout-10\">\n                <a href=\"https:\/\/www.body-club.cz\/?page_id=89\" class=\"u-align-center u-border-1 u-border-active-palette-2-base u-border-hover-palette-1-base u-border-no-left u-border-no-right u-border-no-top u-btn u-button-style u-none u-text-palette-1-base u-btn-10\">BRNO<\/a>\n              <\/div>\n            <\/div>\n            <div class=\"u-container-style u-list-item u-repeater-item u-shape-rectangle\">\n              <div class=\"u-container-layout u-similar-container u-valign-middle u-container-layout-11\">\n                <a href=\"https:\/\/www.body-club.cz\/?page_id=227\" class=\"u-align-center u-border-1 u-border-active-palette-2-base u-border-hover-palette-1-base u-border-no-left u-border-no-right u-border-no-top u-btn u-button-style u-none u-text-palette-1-base u-btn-11\">PLZE\u0147<\/a>\n              <\/div>\n            <\/div>\n            <div class=\"u-container-style u-list-item u-repeater-item u-shape-rectangle\">\n              <div class=\"u-container-layout u-similar-container u-valign-middle u-container-layout-12\">\n                <a href=\"https:\/\/www.body-club.cz\/?page_id=95\" class=\"u-align-center u-border-1 u-border-active-palette-2-base u-border-hover-palette-1-base u-border-no-left u-border-no-right u-border-no-top u-btn u-button-style u-none u-text-palette-1-base u-btn-12\">OSTRAVA<br>\n                <\/a>\n              <\/div>\n            <\/div>\n            <div class=\"u-container-style u-list-item u-repeater-item u-shape-rectangle\">\n              <div class=\"u-container-layout u-similar-container u-valign-middle u-container-layout-13\">\n                <a href=\"https:\/\/www.body-club.cz\/?page_id=90\" class=\"u-align-center u-border-1 u-border-active-palette-2-base u-border-hover-palette-1-base u-border-no-left u-border-no-right u-border-no-top u-btn u-button-style u-none u-text-palette-1-base u-btn-13\">OLOMOUC<\/a>\n              <\/div>\n            <\/div>\n            <div class=\"u-container-style u-list-item u-repeater-item u-shape-rectangle\">\n              <div class=\"u-container-layout u-similar-container u-valign-middle u-container-layout-14\">\n                <a href=\"https:\/\/www.body-club.cz\/?page_id=97\" class=\"u-align-center u-border-1 u-border-active-palette-2-base u-border-hover-palette-1-base u-border-no-left u-border-no-right u-border-no-top u-btn u-button-style u-none u-text-palette-1-base u-btn-14\">FR\u00ddDEK-<br>M\u00cdSTEK\n                <\/a>\n              <\/div>\n            <\/div>\n            <div class=\"u-container-style u-list-item u-repeater-item u-shape-rectangle\">\n              <div class=\"u-container-layout u-similar-container u-valign-middle u-container-layout-15\">\n                <a href=\"https:\/\/www.body-club.cz\/?page_id=99\" class=\"u-align-center u-border-1 u-border-active-palette-2-base u-border-hover-palette-1-base u-border-no-left u-border-no-right u-border-no-top u-btn u-button-style u-none u-text-palette-1-base u-btn-15\">HAV\u00cd\u0158OV<\/a>\n              <\/div>\n            <\/div>\n            <div class=\"u-container-style u-list-item u-repeater-item u-shape-rectangle\">\n              <div class=\"u-container-layout u-similar-container u-valign-middle u-container-layout-16\">\n                <a href=\"https:\/\/www.body-club.cz\/?page_id=229\" class=\"u-align-center u-border-1 u-border-active-palette-2-base u-border-hover-palette-1-base u-border-no-left u-border-no-right u-border-no-top u-btn u-button-style u-none u-text-palette-1-base u-btn-16\">T\u0158INEC<\/a>\n              <\/div>\n            <\/div>\n          <\/div>\n          <a class=\"u-absolute-vcenter u-gallery-nav u-gallery-nav-prev u-grey-70 u-icon-circle u-opacity u-opacity-70 u-spacing-10 u-text-white u-gallery-nav-1\" href=\"#\" role=\"button\">\n            <span aria-hidden=\"true\">\n              <svg viewBox=\"0 0 451.847 451.847\"><path d=\"M97.141,225.92c0-8.095,3.091-16.192,9.259-22.366L300.689,9.27c12.359-12.359,32.397-12.359,44.751,0\nc12.354,12.354,12.354,32.388,0,44.748L173.525,225.92l171.903,171.909c12.354,12.354,12.354,32.391,0,44.744\nc-12.354,12.365-32.386,12.365-44.745,0l-194.29-194.281C100.226,242.115,97.141,234.018,97.141,225.92z\"><\/path><\/svg>\n            <\/span>\n            <span class=\"sr-only\">\n              <svg viewBox=\"0 0 451.847 451.847\"><path d=\"M97.141,225.92c0-8.095,3.091-16.192,9.259-22.366L300.689,9.27c12.359-12.359,32.397-12.359,44.751,0\nc12.354,12.354,12.354,32.388,0,44.748L173.525,225.92l171.903,171.909c12.354,12.354,12.354,32.391,0,44.744\nc-12.354,12.365-32.386,12.365-44.745,0l-194.29-194.281C100.226,242.115,97.141,234.018,97.141,225.92z\"><\/path><\/svg>\n            <\/span>\n          <\/a>\n          <a class=\"u-absolute-vcenter u-gallery-nav u-gallery-nav-next u-grey-70 u-icon-circle u-opacity u-opacity-70 u-spacing-10 u-text-white u-gallery-nav-2\" href=\"#\" role=\"button\">\n            <span aria-hidden=\"true\">\n              <svg viewBox=\"0 0 451.846 451.847\"><path d=\"M345.441,248.292L151.154,442.573c-12.359,12.365-32.397,12.365-44.75,0c-12.354-12.354-12.354-32.391,0-44.744\nL278.318,225.92L106.409,54.017c-12.354-12.359-12.354-32.394,0-44.748c12.354-12.359,32.391-12.359,44.75,0l194.287,194.284\nc6.177,6.18,9.262,14.271,9.262,22.366C354.708,234.018,351.617,242.115,345.441,248.292z\"><\/path><\/svg>\n            <\/span>\n            <span class=\"sr-only\">\n              <svg viewBox=\"0 0 451.846 451.847\"><path d=\"M345.441,248.292L151.154,442.573c-12.359,12.365-32.397,12.365-44.75,0c-12.354-12.354-12.354-32.391,0-44.744\nL278.318,225.92L106.409,54.017c-12.354-12.359-12.354-32.394,0-44.748c12.354-12.359,32.391-12.359,44.75,0l194.287,194.284\nc6.177,6.18,9.262,14.271,9.262,22.366C354.708,234.018,351.617,242.115,345.441,248.292z\"><\/path><\/svg>\n            <\/span>\n          <\/a>\n        <\/div>\n      <\/div>\n    <\/section>\n    <section class=\"u-clearfix u-section-3\" id=\"sec-9003\">\n      <div class=\"u-clearfix u-sheet u-valign-middle-xs u-sheet-1\">\n        <h1 class=\"u-custom-font u-text u-text-custom-color-1 u-text-default u-text-font u-text-1\">BODY CLUB PLZE\u0147<\/h1>\n        <p class=\"u-align-left-xl u-text u-text-2\"> V\u00e1\u017een\u00ed klienti,<br>\n          <br>R\u00e1di bychom v\u00e1s informovali, \u017ee pobo\u010dka BODY CLUB v Plzni je uzav\u0159ena.&nbsp;<br>\n          <br>D\u011bkujeme v\u0161em klient\u016fm za d\u016fv\u011bru a spolupr\u00e1ci. Velmi si v\u00e1\u017e\u00edme ka\u017ed\u00e9ho z v\u00e1s.<br>\n          <br>V p\u0159\u00edpad\u011b z\u00e1jmu m\u016f\u017eete nad\u00e1le vyu\u017e\u00edt na\u0161e dal\u0161\u00ed pobo\u010dky.\n        <\/p>\n      <\/div>\n    <\/section>\n    \n    \n  \n","protected":false},"excerpt":{"rendered":"<p>NA\u0160E STUDIA V \u010cESK\u00c9 REPUBLICE PRAHA BRNO PLZE\u0147 OSTRAVA OLOMOUC FR\u00ddDEK-M\u00cdSTEK HAV\u00cd\u0158OV T\u0158INEC PRAHA BRNO PLZE\u0147 OSTRAVA OLOMOUC FR\u00ddDEK-M\u00cdSTEK HAV\u00cd\u0158OV T\u0158INEC BODY CLUB PLZE\u0147 V\u00e1\u017een\u00ed klienti, R\u00e1di bychom v\u00e1s informovali, \u017ee pobo\u010dka BODY CLUB v Plzni je uzav\u0159ena.&nbsp; D\u011bkujeme v\u0161em klient\u016fm za d\u016fv\u011bru a spolupr\u00e1ci. Velmi si v\u00e1\u017e\u00edme ka\u017ed\u00e9ho z v\u00e1s. V p\u0159\u00edpad\u011b z\u00e1jmu m\u016f\u017eete &hellip; <a href=\"https:\/\/www.body-club.cz\/?page_id=227\" class=\"more-link\">Continue reading<span class=\"screen-reader-text\"> &#8222;BODY CLUB Plze\u0148&#8220;<\/span><\/a><\/p>\n","protected":false},"author":1,"featured_media":0,"parent":0,"menu_order":1,"comment_status":"closed","ping_status":"closed","template":"","meta":{"footnotes":""},"class_list":["post-227","page","type-page","status-publish","hentry"],"_links":{"self":[{"href":"https:\/\/www.body-club.cz\/index.php?rest_route=\/wp\/v2\/pages\/227","targetHints":{"allow":["GET"]}}],"collection":[{"href":"https:\/\/www.body-club.cz\/index.php?rest_route=\/wp\/v2\/pages"}],"about":[{"href":"https:\/\/www.body-club.cz\/index.php?rest_route=\/wp\/v2\/types\/page"}],"author":[{"embeddable":true,"href":"https:\/\/www.body-club.cz\/index.php?rest_route=\/wp\/v2\/users\/1"}],"replies":[{"embeddable":true,"href":"https:\/\/www.body-club.cz\/index.php?rest_route=%2Fwp%2Fv2%2Fcomments&post=227"}],"version-history":[{"count":18,"href":"https:\/\/www.body-club.cz\/index.php?rest_route=\/wp\/v2\/pages\/227\/revisions"}],"predecessor-version":[{"id":2059,"href":"https:\/\/www.body-club.cz\/index.php?rest_route=\/wp\/v2\/pages\/227\/revisions\/2059"}],"wp:attachment":[{"href":"https:\/\/www.body-club.cz\/index.php?rest_route=%2Fwp%2Fv2%2Fmedia&parent=227"}],"curies":[{"name":"wp","href":"https:\/\/api.w.org\/{rel}","templated":true}]}}